{"id":11834,"date":"2023-01-24T15:07:36","date_gmt":"2023-01-24T15:07:36","guid":{"rendered":"https:\/libro\/el-monjo-negre\/"},"modified":"2023-05-08T08:50:04","modified_gmt":"2023-05-08T08:50:04","slug":"el-monjo-negre","status":"publish","type":"product","link":"https:\/\/www.laertes.es\/ca\/llibre\/el-monjo-negre\/","title":{"rendered":"El monjo negre"},"content":{"rendered":"<h1>El monjo negre<\/h1>\n<p>El monjo negre El conte txekhovi\u00e0 no s&#8217;assembla a cap altre. El seu protagonista sol ser un intel\u00b7lectual que se sent avorrit i incapa\u00e7 de fer res de bo i \u00fatil, cosa que l&#8217;impulsa a filosofar sobre l&#8217;absurditat de viure. El narrador observa (des de la dist\u00e0ncia) els personatges amb un lleu somriure ir\u00f2nic, tot amagant una simpatia i compassi\u00f3 profundes. L&#8217;estil \u00e9s clar, prec\u00eds i llumin\u00f3s, ple d&#8217;observacions i detalls summament po\u00e8tics. L&#8217;entonaci\u00f3 general de Tx\u00e8khov \u00e9s una barreja ben equilibrada d&#8217;objectivitat, ironia i tendresa infinita, tot plegat amamrat de tristesa gens sentimental. Per\u00f2 El monjo negre \u00e9s una mica diferent. El personatge enigm\u00e0tic anunciat pel t\u00edtol \u00e9s una met\u00e0fora d&#8217;aquella il\u00b7lusi\u00f3 que fa viure l&#8217;\u00e9sser hum\u00e0, encarnada en una visi\u00f3 sinistra que al final de la narraci\u00f3 destrueix el protagonista desencantat. La hist\u00f2ria de Krovin no tracta d&#8217;un boig, sin\u00f3 m\u00e9s aviat d&#8217;un il\u00b7l\u00fas, potser d&#8217;un visionari.<\/p>\n<p>El conte txekhovi\u00e0 no s&#8217;assembla a cap altre. El seu protagonista sol ser un intel\u00b7lectual que se sent avorrit i incapa\u00e7 de fer res de bo i \u00fatil, cosa que l&#8217;impulsa a filosofar sobre l&#8217;absurditat de viure. El narrador observa (des de la dist\u00e0ncia) els personatges amb un lleu somriure ir\u00f2nic, tot amagant una simpatia i compassi\u00f3 profundes. L&#8217;estil \u00e9s clar, prec\u00eds i llumin\u00f3s, ple d&#8217;observacions i detalls summament po\u00e8tics. L&#8217;entonaci\u00f3 general de Tx\u00e8khov \u00e9s una barreja ben equilibrada d&#8217;objectivitat, ironia i tendresa infinita, tot plegat amamrat de tristesa gens sentimental. Per\u00f2 El monjo negre \u00e9s una mica diferent. El personatge enigm\u00e0tic anunciat pel t\u00edtol \u00e9s una met\u00e0fora d&#8217;aquella il\u00b7lusi\u00f3 que fa viure l&#8217;\u00e9sser hum\u00e0, encarnada en una visi\u00f3 sinistra que al final de la narraci\u00f3 destrueix el protagonista desencantat. La hist\u00f2ria de Krovin no tracta d&#8217;un boig, sin\u00f3 m\u00e9s aviat d&#8217;un il\u00b7l\u00fas, potser d&#8217;un visionari. El monjo negre<\/p>\n<p>&nbsp;<\/p>\n","protected":false},"excerpt":{"rendered":"<p>El conte txekhovi\u00e0 no s&#8217;assembla a cap altre. El seu protagonista sol ser un intel\u00b7lectual que se sent avorrit i incapa\u00e7 de fer res de bo i \u00fatil, cosa que l&#8217;impulsa a filosofar sobre l&#8217;absurditat de viure. El narrador observa (des de la dist\u00e0ncia) els personatges amb un lleu somriure ir\u00f2nic, tot amagant una simpat\u00eda i compassi\u00f3 profundes. L&#8217;estil \u00e9s clar, prec\u00eds i llumin\u00f3s, ple d&#8217;observacions i detalls summament po\u00e8tics. L&#8217;entonaci\u00f3 general de Tx\u00e8khov \u00e9s una barreja ben equilibrada d&#8217;objectivitat, ironia I tendresa infinita, tot plegat amamrat de tristesa gens sentimental. Per\u00f2 El monjo negre \u00e9s una mica diferent. El personatge enigm\u00e0tic anunciat pel t\u00edtol \u00e9s una met\u00e1fora d&#8217;aquella il\u00b7lusi\u00f3 que fa viure l&#8217;\u00e9sser hum\u00e0, encarnada en una visi\u00f3 sinistra que al final de la narraci\u00f3 destrueix el protagonista desencantat. La historia de Krovin no tracta d&#8217;un boig, sin\u00f3 m\u00e9s aviat d&#8217;un il\u00b7l\u00fas, potser d&#8217;un visionari.<\/p>\n","protected":false},"featured_media":13579,"template":"","meta":[],"product_brand":[],"product_cat":[296],"product_tag":[],"autores":[437],"formatos":[355],"materias":[356],"class_list":{"0":"post-11834","1":"product","2":"type-product","3":"status-publish","4":"has-post-thumbnail","6":"product_cat-larca-ca","7":"autores-txekhov-anton-ca","8":"formatos-llibre","9":"materias-cuentos-clasicos-de-generos-fantasticos-ca","11":"first","12":"instock","13":"purchasable","14":"product-type-simple"},"yoast_head":"<!-- This site is optimized with the Yoast SEO plugin v27.3 - https:\/\/yoast.com\/product\/yoast-seo-wordpress\/ -->\n<title>El monjo negre | Laertes ediciones<\/title>\n<meta name=\"description\" content=\"El monjo negre | L&#039;entonaci\u00f3 general de Tx\u00e8khov \u00e9s una barreja ben equilibrada d&#039;objectivitat, ironia i tendresa infinita, de tristesa gens sentimental.\" \/>\n<meta name=\"robots\" content=\"index, follow, max-snippet:-1, max-image-preview:large, max-video-preview:-1\" \/>\n<link rel=\"canonical\" href=\"https:\/\/www.laertes.es\/ca\/llibre\/el-monjo-negre\/\" \/>\n<meta property=\"og:locale\" content=\"ca_ES\" \/>\n<meta property=\"og:type\" content=\"article\" \/>\n<meta property=\"og:title\" content=\"El monjo negre | Laertes ediciones\" \/>\n<meta property=\"og:description\" content=\"El monjo negre | L&#039;entonaci\u00f3 general de Tx\u00e8khov \u00e9s una barreja ben equilibrada d&#039;objectivitat, ironia i tendresa infinita, de tristesa gens sentimental.\" \/>\n<meta property=\"og:url\" content=\"https:\/\/www.laertes.es\/ca\/llibre\/el-monjo-negre\/\" \/>\n<meta property=\"og:site_name\" content=\"Laertes ediciones\" \/>\n<meta property=\"article:modified_time\" content=\"2023-05-08T08:50:04+00:00\" \/>\n<meta property=\"og:image\" content=\"https:\/\/www.laertes.es\/wp-content\/uploads\/2023\/01\/ARC083.webp\" \/>\n\t<meta property=\"og:image:width\" content=\"802\" \/>\n\t<meta property=\"og:image:height\" content=\"1200\" \/>\n\t<meta property=\"og:image:type\" content=\"image\/webp\" \/>\n<meta name=\"twitter:label1\" content=\"Temps estimat de lectura\" \/>\n\t<meta name=\"twitter:data1\" content=\"2 minuts\" \/>\n<script type=\"application\/ld+json\" class=\"yoast-schema-graph\">{\"@context\":\"https:\\\/\\\/schema.org\",\"@graph\":[{\"@type\":\"WebPage\",\"@id\":\"https:\\\/\\\/www.laertes.es\\\/ca\\\/llibre\\\/el-monjo-negre\\\/\",\"url\":\"https:\\\/\\\/www.laertes.es\\\/ca\\\/llibre\\\/el-monjo-negre\\\/\",\"name\":\"El monjo negre | Laertes ediciones\",\"isPartOf\":{\"@id\":\"https:\\\/\\\/www.laertes.es\\\/ca\\\/#website\"},\"primaryImageOfPage\":{\"@id\":\"https:\\\/\\\/www.laertes.es\\\/ca\\\/llibre\\\/el-monjo-negre\\\/#primaryimage\"},\"image\":{\"@id\":\"https:\\\/\\\/www.laertes.es\\\/ca\\\/llibre\\\/el-monjo-negre\\\/#primaryimage\"},\"thumbnailUrl\":\"https:\\\/\\\/www.laertes.es\\\/wp-content\\\/uploads\\\/2023\\\/01\\\/ARC083.webp\",\"datePublished\":\"2023-01-24T15:07:36+00:00\",\"dateModified\":\"2023-05-08T08:50:04+00:00\",\"description\":\"El monjo negre | L'entonaci\u00f3 general de Tx\u00e8khov \u00e9s una barreja ben equilibrada d'objectivitat, ironia i tendresa infinita, de tristesa gens sentimental.\",\"breadcrumb\":{\"@id\":\"https:\\\/\\\/www.laertes.es\\\/ca\\\/llibre\\\/el-monjo-negre\\\/#breadcrumb\"},\"inLanguage\":\"ca\",\"potentialAction\":[{\"@type\":\"ReadAction\",\"target\":[\"https:\\\/\\\/www.laertes.es\\\/ca\\\/llibre\\\/el-monjo-negre\\\/\"]}]},{\"@type\":\"ImageObject\",\"inLanguage\":\"ca\",\"@id\":\"https:\\\/\\\/www.laertes.es\\\/ca\\\/llibre\\\/el-monjo-negre\\\/#primaryimage\",\"url\":\"https:\\\/\\\/www.laertes.es\\\/wp-content\\\/uploads\\\/2023\\\/01\\\/ARC083.webp\",\"contentUrl\":\"https:\\\/\\\/www.laertes.es\\\/wp-content\\\/uploads\\\/2023\\\/01\\\/ARC083.webp\",\"width\":802,\"height\":1200,\"caption\":\"El monjo negre\"},{\"@type\":\"BreadcrumbList\",\"@id\":\"https:\\\/\\\/www.laertes.es\\\/ca\\\/llibre\\\/el-monjo-negre\\\/#breadcrumb\",\"itemListElement\":[{\"@type\":\"ListItem\",\"position\":1,\"name\":\"Portada\",\"item\":\"https:\\\/\\\/www.laertes.es\\\/ca\\\/\"},{\"@type\":\"ListItem\",\"position\":2,\"name\":\"Tienda\",\"item\":\"https:\\\/\\\/www.laertes.es\\\/tienda\\\/\"},{\"@type\":\"ListItem\",\"position\":3,\"name\":\"El monjo negre\"}]},{\"@type\":\"WebSite\",\"@id\":\"https:\\\/\\\/www.laertes.es\\\/ca\\\/#website\",\"url\":\"https:\\\/\\\/www.laertes.es\\\/ca\\\/\",\"name\":\"Laertes Ediciones\",\"description\":\"Editorial independiente desde 1975\",\"alternateName\":\"Laertes\",\"potentialAction\":[{\"@type\":\"SearchAction\",\"target\":{\"@type\":\"EntryPoint\",\"urlTemplate\":\"https:\\\/\\\/www.laertes.es\\\/ca\\\/?s={search_term_string}\"},\"query-input\":{\"@type\":\"PropertyValueSpecification\",\"valueRequired\":true,\"valueName\":\"search_term_string\"}}],\"inLanguage\":\"ca\"}]}<\/script>\n<!-- \/ Yoast SEO plugin. -->","yoast_head_json":{"title":"El monjo negre | Laertes ediciones","description":"El monjo negre | L'entonaci\u00f3 general de Tx\u00e8khov \u00e9s una barreja ben equilibrada d'objectivitat, ironia i tendresa infinita, de tristesa gens sentimental.","robots":{"index":"index","follow":"follow","max-snippet":"max-snippet:-1","max-image-preview":"max-image-preview:large","max-video-preview":"max-video-preview:-1"},"canonical":"https:\/\/www.laertes.es\/ca\/llibre\/el-monjo-negre\/","og_locale":"ca_ES","og_type":"article","og_title":"El monjo negre | Laertes ediciones","og_description":"El monjo negre | L'entonaci\u00f3 general de Tx\u00e8khov \u00e9s una barreja ben equilibrada d'objectivitat, ironia i tendresa infinita, de tristesa gens sentimental.","og_url":"https:\/\/www.laertes.es\/ca\/llibre\/el-monjo-negre\/","og_site_name":"Laertes ediciones","article_modified_time":"2023-05-08T08:50:04+00:00","og_image":[{"width":802,"height":1200,"url":"https:\/\/www.laertes.es\/wp-content\/uploads\/2023\/01\/ARC083.webp","type":"image\/webp"}],"twitter_misc":{"Temps estimat de lectura":"2 minuts"},"schema":{"@context":"https:\/\/schema.org","@graph":[{"@type":"WebPage","@id":"https:\/\/www.laertes.es\/ca\/llibre\/el-monjo-negre\/","url":"https:\/\/www.laertes.es\/ca\/llibre\/el-monjo-negre\/","name":"El monjo negre | Laertes ediciones","isPartOf":{"@id":"https:\/\/www.laertes.es\/ca\/#website"},"primaryImageOfPage":{"@id":"https:\/\/www.laertes.es\/ca\/llibre\/el-monjo-negre\/#primaryimage"},"image":{"@id":"https:\/\/www.laertes.es\/ca\/llibre\/el-monjo-negre\/#primaryimage"},"thumbnailUrl":"https:\/\/www.laertes.es\/wp-content\/uploads\/2023\/01\/ARC083.webp","datePublished":"2023-01-24T15:07:36+00:00","dateModified":"2023-05-08T08:50:04+00:00","description":"El monjo negre | L'entonaci\u00f3 general de Tx\u00e8khov \u00e9s una barreja ben equilibrada d'objectivitat, ironia i tendresa infinita, de tristesa gens sentimental.","breadcrumb":{"@id":"https:\/\/www.laertes.es\/ca\/llibre\/el-monjo-negre\/#breadcrumb"},"inLanguage":"ca","potentialAction":[{"@type":"ReadAction","target":["https:\/\/www.laertes.es\/ca\/llibre\/el-monjo-negre\/"]}]},{"@type":"ImageObject","inLanguage":"ca","@id":"https:\/\/www.laertes.es\/ca\/llibre\/el-monjo-negre\/#primaryimage","url":"https:\/\/www.laertes.es\/wp-content\/uploads\/2023\/01\/ARC083.webp","contentUrl":"https:\/\/www.laertes.es\/wp-content\/uploads\/2023\/01\/ARC083.webp","width":802,"height":1200,"caption":"El monjo negre"},{"@type":"BreadcrumbList","@id":"https:\/\/www.laertes.es\/ca\/llibre\/el-monjo-negre\/#breadcrumb","itemListElement":[{"@type":"ListItem","position":1,"name":"Portada","item":"https:\/\/www.laertes.es\/ca\/"},{"@type":"ListItem","position":2,"name":"Tienda","item":"https:\/\/www.laertes.es\/tienda\/"},{"@type":"ListItem","position":3,"name":"El monjo negre"}]},{"@type":"WebSite","@id":"https:\/\/www.laertes.es\/ca\/#website","url":"https:\/\/www.laertes.es\/ca\/","name":"Laertes Ediciones","description":"Editorial independiente desde 1975","alternateName":"Laertes","potentialAction":[{"@type":"SearchAction","target":{"@type":"EntryPoint","urlTemplate":"https:\/\/www.laertes.es\/ca\/?s={search_term_string}"},"query-input":{"@type":"PropertyValueSpecification","valueRequired":true,"valueName":"search_term_string"}}],"inLanguage":"ca"}]}},"_links":{"self":[{"href":"https:\/\/www.laertes.es\/ca\/wp-json\/wp\/v2\/product\/11834","targetHints":{"allow":["GET"]}}],"collection":[{"href":"https:\/\/www.laertes.es\/ca\/wp-json\/wp\/v2\/product"}],"about":[{"href":"https:\/\/www.laertes.es\/ca\/wp-json\/wp\/v2\/types\/product"}],"version-history":[{"count":1,"href":"https:\/\/www.laertes.es\/ca\/wp-json\/wp\/v2\/product\/11834\/revisions"}],"predecessor-version":[{"id":13581,"href":"https:\/\/www.laertes.es\/ca\/wp-json\/wp\/v2\/product\/11834\/revisions\/13581"}],"wp:featuredmedia":[{"embeddable":true,"href":"https:\/\/www.laertes.es\/ca\/wp-json\/wp\/v2\/media\/13579"}],"wp:attachment":[{"href":"https:\/\/www.laertes.es\/ca\/wp-json\/wp\/v2\/media?parent=11834"}],"wp:term":[{"taxonomy":"product_brand","embeddable":true,"href":"https:\/\/www.laertes.es\/ca\/wp-json\/wp\/v2\/product_brand?post=11834"},{"taxonomy":"product_cat","embeddable":true,"href":"https:\/\/www.laertes.es\/ca\/wp-json\/wp\/v2\/product_cat?post=11834"},{"taxonomy":"product_tag","embeddable":true,"href":"https:\/\/www.laertes.es\/ca\/wp-json\/wp\/v2\/product_tag?post=11834"},{"taxonomy":"autores","embeddable":true,"href":"https:\/\/www.laertes.es\/ca\/wp-json\/wp\/v2\/autores?post=11834"},{"taxonomy":"formatos","embeddable":true,"href":"https:\/\/www.laertes.es\/ca\/wp-json\/wp\/v2\/formatos?post=11834"},{"taxonomy":"materias","embeddable":true,"href":"https:\/\/www.laertes.es\/ca\/wp-json\/wp\/v2\/materias?post=11834"}],"curies":[{"name":"wp","href":"https:\/\/api.w.org\/{rel}","templated":true}]}}