{"id":11833,"date":"2023-01-24T15:07:36","date_gmt":"2023-01-24T15:07:36","guid":{"rendered":"https:\/libro\/la-finestra-oberta\/"},"modified":"2023-05-08T11:14:44","modified_gmt":"2023-05-08T11:14:44","slug":"la-finestra-oberta","status":"publish","type":"product","link":"https:\/\/www.laertes.es\/ca\/llibre\/la-finestra-oberta\/","title":{"rendered":"La finestra oberta"},"content":{"rendered":"<h1>La finestra oberta<\/h1>\n<p>La finestra oberta Laertes editorial es complau a presentar, per primera vegada en catal\u00e0, un conjunt dels millors relats de Saki, el mestre sat\u00edric de Graham Greene, Borges i Chesterton, dins de la reconeguda col\u00b7lecci\u00f3 de literatura fant\u00e0stica, L&#8217;arc\u00e0.<\/p>\n<p>Laertes editorial es complau a presentar, per primera vegada en catal\u00e0, un conjunt dels millors relats de Saki, el mestre sat\u00edric de Graham Greene, Borges i Chesterton, dins de la reconeguda col\u00b7lecci\u00f3 de literatura fant\u00e0stica, L&#8217;arc\u00e0.<\/p>\n<p>Laertes editorial es complau a presentar, per primera vegada en catal\u00e0, un conjunt dels millors relats de Saki, el mestre sat\u00edric de Graham Greene, Borges i Chesterton, dins de la reconeguda col\u00b7lecci\u00f3 de literatura fant\u00e0stica, L&#8217;arc\u00e0.<\/p>\n<p>Laertes editorial es complau a presentar, per primera vegada en catal\u00e0, un conjunt dels millors relats de Saki, el mestre sat\u00edric de Graham Greene, Borges i Chesterton, dins de la reconeguda col\u00b7lecci\u00f3 de literatura fant\u00e0stica, L&#8217;arc\u00e0.<\/p>\n<p>Laertes editorial es complau a presentar, per primera vegada en catal\u00e0, un conjunt dels millors relats de Saki, el mestre sat\u00edric de Graham Greene, Borges i Chesterton, dins de la reconeguda col\u00b7lecci\u00f3 de literatura fant\u00e0stica, L&#8217;arc\u00e0.<\/p>\n<p>Laertes editorial es complau a presentar, per primera vegada en catal\u00e0, un conjunt dels millors relats de Saki, el mestre sat\u00edric de Graham Greene, Borges i Chesterton, dins de la reconeguda col\u00b7lecci\u00f3 de literatura fant\u00e0stica, L&#8217;arc\u00e0.<\/p>\n<p>Laertes editorial es complau a presentar, per primera vegada en catal\u00e0, un conjunt dels millors relats de Saki, el mestre sat\u00edric de Graham Greene, Borges i Chesterton, dins de la reconeguda col\u00b7lecci\u00f3 de literatura fant\u00e0stica, L&#8217;arc\u00e0.<\/p>\n<p>&nbsp;<\/p>\n","protected":false},"excerpt":{"rendered":"<p>Laertes editorial es complau en presentar, per primera vegada en catal\u00e0, un conjunt dels millors relats de Saki, el mestre sat\u00edric de Graham Greene, Borges i Chesterton, dins de la reconeguda col\u00b7lecci\u00f3 de literatura fant\u00e0stica, L&#8217;arc\u00e0.<\/p>\n","protected":false},"featured_media":13633,"template":"","meta":[],"product_brand":[],"product_cat":[296],"product_tag":[1028,672,1112],"autores":[438],"formatos":[355],"materias":[356],"class_list":{"0":"post-11833","1":"product","2":"type-product","3":"status-publish","4":"has-post-thumbnail","6":"product_cat-larca-ca","7":"product_tag-humor-negre-ca","8":"product_tag-literatura-fantastica-ca","9":"product_tag-relats-ca","10":"autores-saki-ca","11":"formatos-llibre","12":"materias-cuentos-clasicos-de-generos-fantasticos-ca","14":"first","15":"instock","16":"purchasable","17":"product-type-simple"},"yoast_head":"<!-- This site is optimized with the Yoast SEO plugin v27.4 - https:\/\/yoast.com\/product\/yoast-seo-wordpress\/ -->\n<title>La finestra oberta | Laertes ediciones<\/title>\n<meta name=\"description\" content=\"La finestra oberta, per primera vegada en catal\u00e0, un conjunt dels millors relats de Saki, el mestre sat\u00edric de Graham Greene, Borges i Chesterton.\" \/>\n<meta name=\"robots\" content=\"index, follow, max-snippet:-1, max-image-preview:large, max-video-preview:-1\" \/>\n<link rel=\"canonical\" href=\"https:\/\/www.laertes.es\/ca\/llibre\/la-finestra-oberta\/\" \/>\n<meta property=\"og:locale\" content=\"ca_ES\" \/>\n<meta property=\"og:type\" content=\"article\" \/>\n<meta property=\"og:title\" content=\"La finestra oberta | Laertes ediciones\" \/>\n<meta property=\"og:description\" content=\"La finestra oberta, per primera vegada en catal\u00e0, un conjunt dels millors relats de Saki, el mestre sat\u00edric de Graham Greene, Borges i Chesterton.\" \/>\n<meta property=\"og:url\" content=\"https:\/\/www.laertes.es\/ca\/llibre\/la-finestra-oberta\/\" \/>\n<meta property=\"og:site_name\" content=\"Laertes ediciones\" \/>\n<meta property=\"article:modified_time\" content=\"2023-05-08T11:14:44+00:00\" \/>\n<meta property=\"og:image\" content=\"https:\/\/www.laertes.es\/wp-content\/uploads\/2023\/01\/ARC084.webp\" \/>\n\t<meta property=\"og:image:width\" content=\"802\" \/>\n\t<meta property=\"og:image:height\" content=\"1200\" \/>\n\t<meta property=\"og:image:type\" content=\"image\/webp\" \/>\n<meta name=\"twitter:label1\" content=\"Temps estimat de lectura\" \/>\n\t<meta name=\"twitter:data1\" content=\"1 minut\" \/>\n<script type=\"application\/ld+json\" class=\"yoast-schema-graph\">{\"@context\":\"https:\\\/\\\/schema.org\",\"@graph\":[{\"@type\":\"WebPage\",\"@id\":\"https:\\\/\\\/www.laertes.es\\\/ca\\\/llibre\\\/la-finestra-oberta\\\/\",\"url\":\"https:\\\/\\\/www.laertes.es\\\/ca\\\/llibre\\\/la-finestra-oberta\\\/\",\"name\":\"La finestra oberta | Laertes ediciones\",\"isPartOf\":{\"@id\":\"https:\\\/\\\/www.laertes.es\\\/ca\\\/#website\"},\"primaryImageOfPage\":{\"@id\":\"https:\\\/\\\/www.laertes.es\\\/ca\\\/llibre\\\/la-finestra-oberta\\\/#primaryimage\"},\"image\":{\"@id\":\"https:\\\/\\\/www.laertes.es\\\/ca\\\/llibre\\\/la-finestra-oberta\\\/#primaryimage\"},\"thumbnailUrl\":\"https:\\\/\\\/www.laertes.es\\\/wp-content\\\/uploads\\\/2023\\\/01\\\/ARC084.webp\",\"datePublished\":\"2023-01-24T15:07:36+00:00\",\"dateModified\":\"2023-05-08T11:14:44+00:00\",\"description\":\"La finestra oberta, per primera vegada en catal\u00e0, un conjunt dels millors relats de Saki, el mestre sat\u00edric de Graham Greene, Borges i Chesterton.\",\"breadcrumb\":{\"@id\":\"https:\\\/\\\/www.laertes.es\\\/ca\\\/llibre\\\/la-finestra-oberta\\\/#breadcrumb\"},\"inLanguage\":\"ca\",\"potentialAction\":[{\"@type\":\"ReadAction\",\"target\":[\"https:\\\/\\\/www.laertes.es\\\/ca\\\/llibre\\\/la-finestra-oberta\\\/\"]}]},{\"@type\":\"ImageObject\",\"inLanguage\":\"ca\",\"@id\":\"https:\\\/\\\/www.laertes.es\\\/ca\\\/llibre\\\/la-finestra-oberta\\\/#primaryimage\",\"url\":\"https:\\\/\\\/www.laertes.es\\\/wp-content\\\/uploads\\\/2023\\\/01\\\/ARC084.webp\",\"contentUrl\":\"https:\\\/\\\/www.laertes.es\\\/wp-content\\\/uploads\\\/2023\\\/01\\\/ARC084.webp\",\"width\":802,\"height\":1200,\"caption\":\"La finestra oberta\"},{\"@type\":\"BreadcrumbList\",\"@id\":\"https:\\\/\\\/www.laertes.es\\\/ca\\\/llibre\\\/la-finestra-oberta\\\/#breadcrumb\",\"itemListElement\":[{\"@type\":\"ListItem\",\"position\":1,\"name\":\"Portada\",\"item\":\"https:\\\/\\\/www.laertes.es\\\/ca\\\/\"},{\"@type\":\"ListItem\",\"position\":2,\"name\":\"Tienda\",\"item\":\"https:\\\/\\\/www.laertes.es\\\/tienda\\\/\"},{\"@type\":\"ListItem\",\"position\":3,\"name\":\"La finestra oberta\"}]},{\"@type\":\"WebSite\",\"@id\":\"https:\\\/\\\/www.laertes.es\\\/ca\\\/#website\",\"url\":\"https:\\\/\\\/www.laertes.es\\\/ca\\\/\",\"name\":\"Laertes Ediciones\",\"description\":\"Editorial independiente desde 1975\",\"alternateName\":\"Laertes\",\"potentialAction\":[{\"@type\":\"SearchAction\",\"target\":{\"@type\":\"EntryPoint\",\"urlTemplate\":\"https:\\\/\\\/www.laertes.es\\\/ca\\\/?s={search_term_string}\"},\"query-input\":{\"@type\":\"PropertyValueSpecification\",\"valueRequired\":true,\"valueName\":\"search_term_string\"}}],\"inLanguage\":\"ca\"}]}<\/script>\n<!-- \/ Yoast SEO plugin. -->","yoast_head_json":{"title":"La finestra oberta | Laertes ediciones","description":"La finestra oberta, per primera vegada en catal\u00e0, un conjunt dels millors relats de Saki, el mestre sat\u00edric de Graham Greene, Borges i Chesterton.","robots":{"index":"index","follow":"follow","max-snippet":"max-snippet:-1","max-image-preview":"max-image-preview:large","max-video-preview":"max-video-preview:-1"},"canonical":"https:\/\/www.laertes.es\/ca\/llibre\/la-finestra-oberta\/","og_locale":"ca_ES","og_type":"article","og_title":"La finestra oberta | Laertes ediciones","og_description":"La finestra oberta, per primera vegada en catal\u00e0, un conjunt dels millors relats de Saki, el mestre sat\u00edric de Graham Greene, Borges i Chesterton.","og_url":"https:\/\/www.laertes.es\/ca\/llibre\/la-finestra-oberta\/","og_site_name":"Laertes ediciones","article_modified_time":"2023-05-08T11:14:44+00:00","og_image":[{"width":802,"height":1200,"url":"https:\/\/www.laertes.es\/wp-content\/uploads\/2023\/01\/ARC084.webp","type":"image\/webp"}],"twitter_misc":{"Temps estimat de lectura":"1 minut"},"schema":{"@context":"https:\/\/schema.org","@graph":[{"@type":"WebPage","@id":"https:\/\/www.laertes.es\/ca\/llibre\/la-finestra-oberta\/","url":"https:\/\/www.laertes.es\/ca\/llibre\/la-finestra-oberta\/","name":"La finestra oberta | Laertes ediciones","isPartOf":{"@id":"https:\/\/www.laertes.es\/ca\/#website"},"primaryImageOfPage":{"@id":"https:\/\/www.laertes.es\/ca\/llibre\/la-finestra-oberta\/#primaryimage"},"image":{"@id":"https:\/\/www.laertes.es\/ca\/llibre\/la-finestra-oberta\/#primaryimage"},"thumbnailUrl":"https:\/\/www.laertes.es\/wp-content\/uploads\/2023\/01\/ARC084.webp","datePublished":"2023-01-24T15:07:36+00:00","dateModified":"2023-05-08T11:14:44+00:00","description":"La finestra oberta, per primera vegada en catal\u00e0, un conjunt dels millors relats de Saki, el mestre sat\u00edric de Graham Greene, Borges i Chesterton.","breadcrumb":{"@id":"https:\/\/www.laertes.es\/ca\/llibre\/la-finestra-oberta\/#breadcrumb"},"inLanguage":"ca","potentialAction":[{"@type":"ReadAction","target":["https:\/\/www.laertes.es\/ca\/llibre\/la-finestra-oberta\/"]}]},{"@type":"ImageObject","inLanguage":"ca","@id":"https:\/\/www.laertes.es\/ca\/llibre\/la-finestra-oberta\/#primaryimage","url":"https:\/\/www.laertes.es\/wp-content\/uploads\/2023\/01\/ARC084.webp","contentUrl":"https:\/\/www.laertes.es\/wp-content\/uploads\/2023\/01\/ARC084.webp","width":802,"height":1200,"caption":"La finestra oberta"},{"@type":"BreadcrumbList","@id":"https:\/\/www.laertes.es\/ca\/llibre\/la-finestra-oberta\/#breadcrumb","itemListElement":[{"@type":"ListItem","position":1,"name":"Portada","item":"https:\/\/www.laertes.es\/ca\/"},{"@type":"ListItem","position":2,"name":"Tienda","item":"https:\/\/www.laertes.es\/tienda\/"},{"@type":"ListItem","position":3,"name":"La finestra oberta"}]},{"@type":"WebSite","@id":"https:\/\/www.laertes.es\/ca\/#website","url":"https:\/\/www.laertes.es\/ca\/","name":"Laertes Ediciones","description":"Editorial independiente desde 1975","alternateName":"Laertes","potentialAction":[{"@type":"SearchAction","target":{"@type":"EntryPoint","urlTemplate":"https:\/\/www.laertes.es\/ca\/?s={search_term_string}"},"query-input":{"@type":"PropertyValueSpecification","valueRequired":true,"valueName":"search_term_string"}}],"inLanguage":"ca"}]}},"_links":{"self":[{"href":"https:\/\/www.laertes.es\/ca\/wp-json\/wp\/v2\/product\/11833","targetHints":{"allow":["GET"]}}],"collection":[{"href":"https:\/\/www.laertes.es\/ca\/wp-json\/wp\/v2\/product"}],"about":[{"href":"https:\/\/www.laertes.es\/ca\/wp-json\/wp\/v2\/types\/product"}],"version-history":[{"count":2,"href":"https:\/\/www.laertes.es\/ca\/wp-json\/wp\/v2\/product\/11833\/revisions"}],"predecessor-version":[{"id":13638,"href":"https:\/\/www.laertes.es\/ca\/wp-json\/wp\/v2\/product\/11833\/revisions\/13638"}],"wp:featuredmedia":[{"embeddable":true,"href":"https:\/\/www.laertes.es\/ca\/wp-json\/wp\/v2\/media\/13633"}],"wp:attachment":[{"href":"https:\/\/www.laertes.es\/ca\/wp-json\/wp\/v2\/media?parent=11833"}],"wp:term":[{"taxonomy":"product_brand","embeddable":true,"href":"https:\/\/www.laertes.es\/ca\/wp-json\/wp\/v2\/product_brand?post=11833"},{"taxonomy":"product_cat","embeddable":true,"href":"https:\/\/www.laertes.es\/ca\/wp-json\/wp\/v2\/product_cat?post=11833"},{"taxonomy":"product_tag","embeddable":true,"href":"https:\/\/www.laertes.es\/ca\/wp-json\/wp\/v2\/product_tag?post=11833"},{"taxonomy":"autores","embeddable":true,"href":"https:\/\/www.laertes.es\/ca\/wp-json\/wp\/v2\/autores?post=11833"},{"taxonomy":"formatos","embeddable":true,"href":"https:\/\/www.laertes.es\/ca\/wp-json\/wp\/v2\/formatos?post=11833"},{"taxonomy":"materias","embeddable":true,"href":"https:\/\/www.laertes.es\/ca\/wp-json\/wp\/v2\/materias?post=11833"}],"curies":[{"name":"wp","href":"https:\/\/api.w.org\/{rel}","templated":true}]}}