{"id":11832,"date":"2023-01-24T15:07:53","date_gmt":"2023-01-24T15:07:53","guid":{"rendered":"https:\/libro\/conan-4\/"},"modified":"2023-05-06T04:03:00","modified_gmt":"2023-05-06T04:03:00","slug":"conan-3","status":"publish","type":"product","link":"https:\/\/www.laertes.es\/ca\/llibre\/conan-3\/","title":{"rendered":"C\u00f2nan 3"},"content":{"rendered":"<h1>C\u00f2nan 3<\/h1>\n<p>C\u00f2nan 3 En aquest recull hi trobar\u00e0s tres hist\u00f2ries m\u00e9s protagonitzades per C\u00f2nan, el B\u00e0rbar\u2014 \u00abL\u2019ombra que llisca\u00bb, \u00abEl dimoni de ferro\u00bb i \u00abEl poble del Cercle Negre\u00bb\u2014. Tres aventures ben diferents en les quals el nostre heroi \u2014o antiheroi\u2014 preferit travessar\u00e0 deserts sense fi, s\u2019endinsar\u00e0 en ciutats fantasmals, es perdr\u00e0 per illes male\u00efdes i creuar\u00e0 serralades de cims inversemblants. Ho far\u00e0 en els tres casos acompanyat d\u2019hero\u00efnes tan singulars com la brituniana Natala, l\u2019esclava Oct\u00e0via o la reina Iasmina.<br \/>\n<strong>\u00a0\u00a0\u00a0<\/strong>Tant se val si C\u00f2nan \u00e9s un fugitiu, un l\u00edder de pirates o el cap d\u2019una tribu de les muntanyes, perqu\u00e8 en les tres hist\u00f2ries viur\u00e0 enfrontaments\u2014 contra horrors humans i inhumans, contra \u00e9ssers vius i morts, contra b\u00e8sties i usurpadors\u2014 que ens deixaran sense al\u00e8, com passa sempre amb les aventures del b\u00e0rbar m\u00e9s influent de la hist\u00f2ria de la literatura.<br \/>\n<strong>\u00a0\u00a0\u00a0<\/strong>C\u00f2nan \u00e9s el personatge m\u00e9s rellevant de l\u2019escriptor de literatura pulp Robert E. Howard, pare del g\u00e8nere anomenat \u00abespasa i bruixeria\u00bb i un dels narradors m\u00e9s ic\u00f2nics de la revista Weird Tales. Creador d\u2019altres personatges com Solomon Kane o Kull, el Conqueridor, ha passat a la hist\u00f2ria sobretot per les narracions que va escriure sobre C\u00f2nan, qui, gr\u00e0cies a les recopilacions dels seus relats i les seves adaptacions al c\u00f2mic i al cinema, ha esdevingut una icona del segle xx.<\/p>\n<p>C\u00f2nan 3 En aquest recull hi trobar\u00e0s tres hist\u00f2ries m\u00e9s protagonitzades per C\u00f2nan, el B\u00e0rbar\u2014 \u00abL\u2019ombra que llisca\u00bb, \u00abEl dimoni de ferro\u00bb i \u00abEl poble del Cercle Negre\u00bb\u2014. Tres aventures ben diferents en les quals el nostre heroi \u2014o antiheroi\u2014 preferit travessar\u00e0 deserts sense fi, s\u2019endinsar\u00e0 en ciutats fantasmals, es perdr\u00e0 per illes male\u00efdes i creuar\u00e0 serralades de cims inversemblants. Ho far\u00e0 en els tres casos acompanyat d\u2019hero\u00efnes tan singulars com la brituniana Natala, l\u2019esclava Oct\u00e0via o la reina Iasmina.<br \/>\n<strong>\u00a0\u00a0\u00a0<\/strong>Tant se val si C\u00f2nan \u00e9s un fugitiu, un l\u00edder de pirates o el cap d\u2019una tribu de les muntanyes, perqu\u00e8 en les tres hist\u00f2ries viur\u00e0 enfrontaments\u2014 contra horrors humans i inhumans, contra \u00e9ssers vius i morts, contra b\u00e8sties i usurpadors\u2014 que ens deixaran sense al\u00e8, com passa sempre amb les aventures del b\u00e0rbar m\u00e9s influent de la hist\u00f2ria de la literatura.<br \/>\n<strong>\u00a0\u00a0\u00a0<\/strong>C\u00f2nan \u00e9s el personatge m\u00e9s rellevant de l\u2019escriptor de literatura pulp Robert E. Howard, pare del g\u00e8nere anomenat \u00abespasa i bruixeria\u00bb i un dels narradors m\u00e9s ic\u00f2nics de la revista Weird Tales. Creador d\u2019altres personatges com Solomon Kane o Kull, el Conqueridor, ha passat a la hist\u00f2ria sobretot per les narracions que va escriure sobre C\u00f2nan, qui, gr\u00e0cies a les recopilacions dels seus relats i les seves adaptacions al c\u00f2mic i al cinema, ha esdevingut una icona del segle xx.<\/p>\n","protected":false},"excerpt":{"rendered":"<p style=\"text-align: justify\">En aquest recull hi trobar\u00e0s tres hist\u00f2ries m\u00e9s protagonitzades per C\u00f2nan, el B\u00e0rbar\u2014 \u00abL\u2019ombra que llisca\u00bb, \u00abEl dimoni de ferro\u00bb i \u00abEl poble del Cercle Negre\u00bb\u2014. Tres aventures ben diferents en les quals el nostre heroi \u2014o antiheroi\u2014 preferit travessar\u00e0 deserts sense fi, s\u2019endinsar\u00e0 en ciutats fantasmals, es perdr\u00e0 per illes male\u00efdes i creuar\u00e0 serralades de cims inversemblants. Ho far\u00e0 en els tres casos acompanyat d\u2019hero\u00efnes tan singulars com la brituniana Natala, l\u2019esclava Oct\u00e0via o la reina Iasmina.<br \/>\n<strong>\u00a0\u00a0\u00a0<\/strong>Tant se val si C\u00f2nan \u00e9s un fugitiu, un l\u00edder de pirates o el cap d\u2019una tribu de les muntanyes, perqu\u00e8 en les tres hist\u00f2ries viur\u00e0 enfrontaments\u2014 contra horrors humans i inhumans, contra \u00e9ssers vius i morts, contra b\u00e8sties i usurpadors\u2014 que ens deixaran sense al\u00e8, com passa sempre amb les aventures del b\u00e0rbar m\u00e9s influent de la hist\u00f2ria de la literatura.<\/p>\n<p>C\u00f2nan \u00e9s el personatge m\u00e9s rellevant de l\u2019escriptor de literatura pulp Robert E. Howard, pare del g\u00e8nere anomenat \u00abespasa i bruixeria\u00bb i un dels narradors m\u00e9s ic\u00f2nics de la revista <em>Weird Tales<\/em>. Creador d\u2019altres personatges com Solomon Kane o Kull, el Conqueridor, ha passat a la hist\u00f2ria sobretot per les narracions que va escriure sobre C\u00f2nan, qui, gr\u00e0cies a les recopilacions dels seus relats i les seves adaptacions al c\u00f2mic i al cinema, ha esdevingut una icona del segle xx.<\/p>\n","protected":false},"featured_media":12965,"template":"","meta":[],"product_brand":[],"product_cat":[296],"product_tag":[682,672,683],"autores":[451],"formatos":[355],"materias":[356],"class_list":{"0":"post-11832","1":"product","2":"type-product","3":"status-publish","4":"has-post-thumbnail","6":"product_cat-larca-ca","7":"product_tag-espasa-i-bruixeria-ca","8":"product_tag-literatura-fantastica-ca","9":"product_tag-weird-tales-ca","10":"autores-howard-robert-e-ca","11":"formatos-llibre","12":"materias-cuentos-clasicos-de-generos-fantasticos-ca","14":"first","15":"instock","16":"purchasable","17":"product-type-simple"},"yoast_head":"<!-- This site is optimized with the Yoast SEO plugin v27.4 - https:\/\/yoast.com\/product\/yoast-seo-wordpress\/ -->\n<title>C\u00f2nan 3 | Laertes ediciones<\/title>\n<meta name=\"description\" content=\"C\u00f2nan 3 | En aquest recull hi trobar\u00e0s tres hist\u00f2ries m\u00e9s protagonitzades per C\u00f2nan, L\u2019ombra que llisca, El dimoni de ferro i El poble del Cercle Negre.\" \/>\n<meta name=\"robots\" content=\"index, follow, max-snippet:-1, max-image-preview:large, max-video-preview:-1\" \/>\n<link rel=\"canonical\" href=\"https:\/\/www.laertes.es\/ca\/llibre\/conan-3\/\" \/>\n<meta property=\"og:locale\" content=\"ca_ES\" \/>\n<meta property=\"og:type\" content=\"article\" \/>\n<meta property=\"og:title\" content=\"C\u00f2nan 3 | Laertes ediciones\" \/>\n<meta property=\"og:description\" content=\"C\u00f2nan 3 | En aquest recull hi trobar\u00e0s tres hist\u00f2ries m\u00e9s protagonitzades per C\u00f2nan, L\u2019ombra que llisca, El dimoni de ferro i El poble del Cercle Negre.\" \/>\n<meta property=\"og:url\" content=\"https:\/\/www.laertes.es\/ca\/llibre\/conan-3\/\" \/>\n<meta property=\"og:site_name\" content=\"Laertes ediciones\" \/>\n<meta property=\"article:modified_time\" content=\"2023-05-06T04:03:00+00:00\" \/>\n<meta property=\"og:image\" content=\"https:\/\/www.laertes.es\/wp-content\/uploads\/2023\/01\/ARC107.webp\" \/>\n\t<meta property=\"og:image:width\" content=\"802\" \/>\n\t<meta property=\"og:image:height\" content=\"1200\" \/>\n\t<meta property=\"og:image:type\" content=\"image\/webp\" \/>\n<meta name=\"twitter:label1\" content=\"Temps estimat de lectura\" \/>\n\t<meta name=\"twitter:data1\" content=\"3 minuts\" \/>\n<script type=\"application\/ld+json\" class=\"yoast-schema-graph\">{\"@context\":\"https:\\\/\\\/schema.org\",\"@graph\":[{\"@type\":\"WebPage\",\"@id\":\"https:\\\/\\\/www.laertes.es\\\/ca\\\/llibre\\\/conan-3\\\/\",\"url\":\"https:\\\/\\\/www.laertes.es\\\/ca\\\/llibre\\\/conan-3\\\/\",\"name\":\"C\u00f2nan 3 | Laertes ediciones\",\"isPartOf\":{\"@id\":\"https:\\\/\\\/www.laertes.es\\\/ca\\\/#website\"},\"primaryImageOfPage\":{\"@id\":\"https:\\\/\\\/www.laertes.es\\\/ca\\\/llibre\\\/conan-3\\\/#primaryimage\"},\"image\":{\"@id\":\"https:\\\/\\\/www.laertes.es\\\/ca\\\/llibre\\\/conan-3\\\/#primaryimage\"},\"thumbnailUrl\":\"https:\\\/\\\/www.laertes.es\\\/wp-content\\\/uploads\\\/2023\\\/01\\\/ARC107.webp\",\"datePublished\":\"2023-01-24T15:07:53+00:00\",\"dateModified\":\"2023-05-06T04:03:00+00:00\",\"description\":\"C\u00f2nan 3 | En aquest recull hi trobar\u00e0s tres hist\u00f2ries m\u00e9s protagonitzades per C\u00f2nan, L\u2019ombra que llisca, El dimoni de ferro i El poble del Cercle Negre.\",\"breadcrumb\":{\"@id\":\"https:\\\/\\\/www.laertes.es\\\/ca\\\/llibre\\\/conan-3\\\/#breadcrumb\"},\"inLanguage\":\"ca\",\"potentialAction\":[{\"@type\":\"ReadAction\",\"target\":[\"https:\\\/\\\/www.laertes.es\\\/ca\\\/llibre\\\/conan-3\\\/\"]}]},{\"@type\":\"ImageObject\",\"inLanguage\":\"ca\",\"@id\":\"https:\\\/\\\/www.laertes.es\\\/ca\\\/llibre\\\/conan-3\\\/#primaryimage\",\"url\":\"https:\\\/\\\/www.laertes.es\\\/wp-content\\\/uploads\\\/2023\\\/01\\\/ARC107.webp\",\"contentUrl\":\"https:\\\/\\\/www.laertes.es\\\/wp-content\\\/uploads\\\/2023\\\/01\\\/ARC107.webp\",\"width\":802,\"height\":1200,\"caption\":\"C\u00f2nan 3\"},{\"@type\":\"BreadcrumbList\",\"@id\":\"https:\\\/\\\/www.laertes.es\\\/ca\\\/llibre\\\/conan-3\\\/#breadcrumb\",\"itemListElement\":[{\"@type\":\"ListItem\",\"position\":1,\"name\":\"Portada\",\"item\":\"https:\\\/\\\/www.laertes.es\\\/ca\\\/\"},{\"@type\":\"ListItem\",\"position\":2,\"name\":\"Tienda\",\"item\":\"https:\\\/\\\/www.laertes.es\\\/tienda\\\/\"},{\"@type\":\"ListItem\",\"position\":3,\"name\":\"C\u00f2nan 3\"}]},{\"@type\":\"WebSite\",\"@id\":\"https:\\\/\\\/www.laertes.es\\\/ca\\\/#website\",\"url\":\"https:\\\/\\\/www.laertes.es\\\/ca\\\/\",\"name\":\"Laertes Ediciones\",\"description\":\"Editorial independiente desde 1975\",\"alternateName\":\"Laertes\",\"potentialAction\":[{\"@type\":\"SearchAction\",\"target\":{\"@type\":\"EntryPoint\",\"urlTemplate\":\"https:\\\/\\\/www.laertes.es\\\/ca\\\/?s={search_term_string}\"},\"query-input\":{\"@type\":\"PropertyValueSpecification\",\"valueRequired\":true,\"valueName\":\"search_term_string\"}}],\"inLanguage\":\"ca\"}]}<\/script>\n<!-- \/ Yoast SEO plugin. -->","yoast_head_json":{"title":"C\u00f2nan 3 | Laertes ediciones","description":"C\u00f2nan 3 | En aquest recull hi trobar\u00e0s tres hist\u00f2ries m\u00e9s protagonitzades per C\u00f2nan, L\u2019ombra que llisca, El dimoni de ferro i El poble del Cercle Negre.","robots":{"index":"index","follow":"follow","max-snippet":"max-snippet:-1","max-image-preview":"max-image-preview:large","max-video-preview":"max-video-preview:-1"},"canonical":"https:\/\/www.laertes.es\/ca\/llibre\/conan-3\/","og_locale":"ca_ES","og_type":"article","og_title":"C\u00f2nan 3 | Laertes ediciones","og_description":"C\u00f2nan 3 | En aquest recull hi trobar\u00e0s tres hist\u00f2ries m\u00e9s protagonitzades per C\u00f2nan, L\u2019ombra que llisca, El dimoni de ferro i El poble del Cercle Negre.","og_url":"https:\/\/www.laertes.es\/ca\/llibre\/conan-3\/","og_site_name":"Laertes ediciones","article_modified_time":"2023-05-06T04:03:00+00:00","og_image":[{"width":802,"height":1200,"url":"https:\/\/www.laertes.es\/wp-content\/uploads\/2023\/01\/ARC107.webp","type":"image\/webp"}],"twitter_misc":{"Temps estimat de lectura":"3 minuts"},"schema":{"@context":"https:\/\/schema.org","@graph":[{"@type":"WebPage","@id":"https:\/\/www.laertes.es\/ca\/llibre\/conan-3\/","url":"https:\/\/www.laertes.es\/ca\/llibre\/conan-3\/","name":"C\u00f2nan 3 | Laertes ediciones","isPartOf":{"@id":"https:\/\/www.laertes.es\/ca\/#website"},"primaryImageOfPage":{"@id":"https:\/\/www.laertes.es\/ca\/llibre\/conan-3\/#primaryimage"},"image":{"@id":"https:\/\/www.laertes.es\/ca\/llibre\/conan-3\/#primaryimage"},"thumbnailUrl":"https:\/\/www.laertes.es\/wp-content\/uploads\/2023\/01\/ARC107.webp","datePublished":"2023-01-24T15:07:53+00:00","dateModified":"2023-05-06T04:03:00+00:00","description":"C\u00f2nan 3 | En aquest recull hi trobar\u00e0s tres hist\u00f2ries m\u00e9s protagonitzades per C\u00f2nan, L\u2019ombra que llisca, El dimoni de ferro i El poble del Cercle Negre.","breadcrumb":{"@id":"https:\/\/www.laertes.es\/ca\/llibre\/conan-3\/#breadcrumb"},"inLanguage":"ca","potentialAction":[{"@type":"ReadAction","target":["https:\/\/www.laertes.es\/ca\/llibre\/conan-3\/"]}]},{"@type":"ImageObject","inLanguage":"ca","@id":"https:\/\/www.laertes.es\/ca\/llibre\/conan-3\/#primaryimage","url":"https:\/\/www.laertes.es\/wp-content\/uploads\/2023\/01\/ARC107.webp","contentUrl":"https:\/\/www.laertes.es\/wp-content\/uploads\/2023\/01\/ARC107.webp","width":802,"height":1200,"caption":"C\u00f2nan 3"},{"@type":"BreadcrumbList","@id":"https:\/\/www.laertes.es\/ca\/llibre\/conan-3\/#breadcrumb","itemListElement":[{"@type":"ListItem","position":1,"name":"Portada","item":"https:\/\/www.laertes.es\/ca\/"},{"@type":"ListItem","position":2,"name":"Tienda","item":"https:\/\/www.laertes.es\/tienda\/"},{"@type":"ListItem","position":3,"name":"C\u00f2nan 3"}]},{"@type":"WebSite","@id":"https:\/\/www.laertes.es\/ca\/#website","url":"https:\/\/www.laertes.es\/ca\/","name":"Laertes Ediciones","description":"Editorial independiente desde 1975","alternateName":"Laertes","potentialAction":[{"@type":"SearchAction","target":{"@type":"EntryPoint","urlTemplate":"https:\/\/www.laertes.es\/ca\/?s={search_term_string}"},"query-input":{"@type":"PropertyValueSpecification","valueRequired":true,"valueName":"search_term_string"}}],"inLanguage":"ca"}]}},"_links":{"self":[{"href":"https:\/\/www.laertes.es\/ca\/wp-json\/wp\/v2\/product\/11832","targetHints":{"allow":["GET"]}}],"collection":[{"href":"https:\/\/www.laertes.es\/ca\/wp-json\/wp\/v2\/product"}],"about":[{"href":"https:\/\/www.laertes.es\/ca\/wp-json\/wp\/v2\/types\/product"}],"version-history":[{"count":3,"href":"https:\/\/www.laertes.es\/ca\/wp-json\/wp\/v2\/product\/11832\/revisions"}],"predecessor-version":[{"id":13372,"href":"https:\/\/www.laertes.es\/ca\/wp-json\/wp\/v2\/product\/11832\/revisions\/13372"}],"wp:featuredmedia":[{"embeddable":true,"href":"https:\/\/www.laertes.es\/ca\/wp-json\/wp\/v2\/media\/12965"}],"wp:attachment":[{"href":"https:\/\/www.laertes.es\/ca\/wp-json\/wp\/v2\/media?parent=11832"}],"wp:term":[{"taxonomy":"product_brand","embeddable":true,"href":"https:\/\/www.laertes.es\/ca\/wp-json\/wp\/v2\/product_brand?post=11832"},{"taxonomy":"product_cat","embeddable":true,"href":"https:\/\/www.laertes.es\/ca\/wp-json\/wp\/v2\/product_cat?post=11832"},{"taxonomy":"product_tag","embeddable":true,"href":"https:\/\/www.laertes.es\/ca\/wp-json\/wp\/v2\/product_tag?post=11832"},{"taxonomy":"autores","embeddable":true,"href":"https:\/\/www.laertes.es\/ca\/wp-json\/wp\/v2\/autores?post=11832"},{"taxonomy":"formatos","embeddable":true,"href":"https:\/\/www.laertes.es\/ca\/wp-json\/wp\/v2\/formatos?post=11832"},{"taxonomy":"materias","embeddable":true,"href":"https:\/\/www.laertes.es\/ca\/wp-json\/wp\/v2\/materias?post=11832"}],"curies":[{"name":"wp","href":"https:\/\/api.w.org\/{rel}","templated":true}]}}