{"id":11831,"date":"2023-01-24T15:07:53","date_gmt":"2023-01-24T15:07:53","guid":{"rendered":"https:\/libro\/avio-en-vol-ras\/"},"modified":"2023-05-29T15:08:44","modified_gmt":"2023-05-29T15:08:44","slug":"avio-en-vol-ras","status":"publish","type":"product","link":"https:\/\/www.laertes.es\/ca\/llibre\/avio-en-vol-ras\/","title":{"rendered":"Avi\u00f3 en vol ras"},"content":{"rendered":"<p style=\"text-align: justify\"><em>Avi\u00f3 en vol ras<\/em> \u00e9s un recull format per una novel\u00b7la curta i vuit relats amb uns arguments sorprenents, allunyats dels arquetips del g\u00e8nere. I \u00e9s que Ballard, gran renovador de la ci\u00e8ncia-ficci\u00f3, ens du a un futur dist\u00f2pic, inquietant, i alhora addictiu que ens endinsa en el que en el seu moment va ser el nou concepte de ficci\u00f3 especulativa.<br \/>\n<strong>\u00a0\u00a0\u00a0<\/strong>En aquests relats hi trobarem la costa de l\u2019Alt Empord\u00e0 postapocal\u00edptica; un viatge en el temps per retransmetre la batalla de Waterloo per televisi\u00f3; la fugida d\u2019una societat pastoral ut\u00f2pica per tornar a les ciutats de ne\u00f3, soroll i formig\u00f3; astronautes que un cop morts continuen orbitant la Terra; herois, antiherois, malformacions, bellesa&#8230; Tampoc faltar\u00e0, en aquesta visi\u00f3 cr\u00edtica i l\u00facida del m\u00f3n, la reflexi\u00f3 sobre els mitjans de masses, el control i el negoci de la informaci\u00f3.<br \/>\n<strong>\u00a0\u00a0\u00a0<\/strong>I, \u00e9s clar, andr\u00f2mines que s\u2019enlairen, planadors i avions. Molts d\u2019avions.<\/p>\n<p style=\"text-align: center\">\u00abLa distopia definitiva<br \/>\n\u00e9s l\u2019interior del propi cap\u00bb.<br \/>\nJG Ballard<\/p>\n<p style=\"text-align: justify\"><em>Avi\u00f3 en vol ras<\/em> \u00e9s un recull format per una novel\u00b7la curta i vuit relats amb uns arguments sorprenents, allunyats dels arquetips del g\u00e8nere. I \u00e9s que Ballard, gran renovador de la ci\u00e8ncia-ficci\u00f3, ens du a un futur dist\u00f2pic, inquietant, i alhora addictiu que ens endinsa en el que en el seu moment va ser el nou concepte de ficci\u00f3 especulativa.<br \/>\n<strong>\u00a0\u00a0\u00a0<\/strong>En aquests relats hi trobarem la costa de l\u2019Alt Empord\u00e0 postapocal\u00edptica; un viatge en el temps per retransmetre la batalla de Waterloo per televisi\u00f3; la fugida d\u2019una societat pastoral ut\u00f2pica per tornar a les ciutats de ne\u00f3, soroll i formig\u00f3; astronautes que un cop morts continuen orbitant la Terra; herois, antiherois, malformacions, bellesa&#8230; Tampoc faltar\u00e0, en aquesta visi\u00f3 cr\u00edtica i l\u00facida del m\u00f3n, la reflexi\u00f3 sobre els mitjans de masses, el control i el negoci de la informaci\u00f3.<br \/>\n<strong>\u00a0\u00a0\u00a0<\/strong>I, \u00e9s clar, andr\u00f2mines que s\u2019enlairen, planadors i avions. Molts d\u2019avions.<\/p>\n<p style=\"text-align: center\">\u00abLa distopia definitiva<br \/>\n\u00e9s l\u2019interior del propi cap\u00bb.<br \/>\nJG Ballard<\/p>\n","protected":false},"excerpt":{"rendered":"<p>Avi\u00f3 en vol ras \u00e9s un recull format per una novel\u00b7la curta i vuit relats amb uns arguments sorprenents, allunyats dels arquetips del g\u00e8nere. I \u00e9s que Ballard, gran renovador de la ci\u00e8ncia-ficci\u00f3, ens du a un futur dist\u00f2pic, inquietant, i alhora addictiu que ens endinsa en el que en el seu moment va ser el nou concepte de ficci\u00f3 especulativa.<br \/>\nEn aquests relats hi trobarem la costa de l\u2019Alt Empord\u00e0 postapocal\u00edptica; un viatge en el temps per retransmetre la batalla de Waterloo per televisi\u00f3; la fugida d\u2019una societat pastoral ut\u00f2pica per tornar a les ciutats de ne\u00f3, soroll i formig\u00f3; astronautes que un cop morts continuen orbitant la Terra; herois, antiherois, malformacions, bellesa&#8230; Tampoc faltar\u00e0, en aquesta visi\u00f3 cr\u00edtica i l\u00facida del m\u00f3n, la reflexi\u00f3 sobre els mitjans de masses, el control i el negoci de la informaci\u00f3.<br \/>\nI, \u00e9s clar, andr\u00f2mines que s\u2019enlairen, planadors i avions. Molts d\u2019avions.<\/p>\n<p>\u00abLa distopia definitiva<br \/>\n\u00e9s l\u2019interior del propi cap\u00bb.<br \/>\nJG Ballard<\/p>\n","protected":false},"featured_media":12982,"template":"","meta":[],"product_brand":[],"product_cat":[296],"product_tag":[700,701,702,703,704],"autores":[452],"formatos":[355],"materias":[356],"class_list":{"0":"post-11831","1":"product","2":"type-product","3":"status-publish","4":"has-post-thumbnail","6":"product_cat-larca-ca","7":"product_tag-ballard-ca","8":"product_tag-dali-ca","9":"product_tag-decadencia-ca","10":"product_tag-distopia-ca","11":"product_tag-figueres-ca","12":"autores-ballard-james-graham-ca","13":"formatos-llibre","14":"materias-cuentos-clasicos-de-generos-fantasticos-ca","16":"first","17":"instock","18":"purchasable","19":"product-type-simple"},"yoast_head":"<!-- This site is optimized with the Yoast SEO plugin v27.3 - https:\/\/yoast.com\/product\/yoast-seo-wordpress\/ -->\n<title>Avi\u00f3 en vol ras | Laertes ediciones<\/title>\n<meta name=\"description\" content=\"Avi\u00f3 en vol ras \u00e9s un recull format per una novel\u00b7la curta i vuit relats amb uns arguments sorprenents, allunyats dels arquetips del g\u00e8nere.\" \/>\n<meta name=\"robots\" content=\"index, follow, max-snippet:-1, max-image-preview:large, max-video-preview:-1\" \/>\n<link rel=\"canonical\" href=\"https:\/\/www.laertes.es\/ca\/llibre\/avio-en-vol-ras\/\" \/>\n<meta property=\"og:locale\" content=\"ca_ES\" \/>\n<meta property=\"og:type\" content=\"article\" \/>\n<meta property=\"og:title\" content=\"Avi\u00f3 en vol ras | Laertes ediciones\" \/>\n<meta property=\"og:description\" content=\"Avi\u00f3 en vol ras \u00e9s un recull format per una novel\u00b7la curta i vuit relats amb uns arguments sorprenents, allunyats dels arquetips del g\u00e8nere.\" \/>\n<meta property=\"og:url\" content=\"https:\/\/www.laertes.es\/ca\/llibre\/avio-en-vol-ras\/\" \/>\n<meta property=\"og:site_name\" content=\"Laertes ediciones\" \/>\n<meta property=\"article:modified_time\" content=\"2023-05-29T15:08:44+00:00\" \/>\n<meta property=\"og:image\" content=\"https:\/\/www.laertes.es\/wp-content\/uploads\/2023\/01\/ARC106.webp\" \/>\n\t<meta property=\"og:image:width\" content=\"802\" \/>\n\t<meta property=\"og:image:height\" content=\"1200\" \/>\n\t<meta property=\"og:image:type\" content=\"image\/webp\" \/>\n<meta name=\"twitter:label1\" content=\"Temps estimat de lectura\" \/>\n\t<meta name=\"twitter:data1\" content=\"2 minuts\" \/>\n<script type=\"application\/ld+json\" class=\"yoast-schema-graph\">{\"@context\":\"https:\\\/\\\/schema.org\",\"@graph\":[{\"@type\":\"WebPage\",\"@id\":\"https:\\\/\\\/www.laertes.es\\\/ca\\\/llibre\\\/avio-en-vol-ras\\\/\",\"url\":\"https:\\\/\\\/www.laertes.es\\\/ca\\\/llibre\\\/avio-en-vol-ras\\\/\",\"name\":\"Avi\u00f3 en vol ras | Laertes ediciones\",\"isPartOf\":{\"@id\":\"https:\\\/\\\/www.laertes.es\\\/ca\\\/#website\"},\"primaryImageOfPage\":{\"@id\":\"https:\\\/\\\/www.laertes.es\\\/ca\\\/llibre\\\/avio-en-vol-ras\\\/#primaryimage\"},\"image\":{\"@id\":\"https:\\\/\\\/www.laertes.es\\\/ca\\\/llibre\\\/avio-en-vol-ras\\\/#primaryimage\"},\"thumbnailUrl\":\"https:\\\/\\\/www.laertes.es\\\/wp-content\\\/uploads\\\/2023\\\/01\\\/ARC106.webp\",\"datePublished\":\"2023-01-24T15:07:53+00:00\",\"dateModified\":\"2023-05-29T15:08:44+00:00\",\"description\":\"Avi\u00f3 en vol ras \u00e9s un recull format per una novel\u00b7la curta i vuit relats amb uns arguments sorprenents, allunyats dels arquetips del g\u00e8nere.\",\"breadcrumb\":{\"@id\":\"https:\\\/\\\/www.laertes.es\\\/ca\\\/llibre\\\/avio-en-vol-ras\\\/#breadcrumb\"},\"inLanguage\":\"ca\",\"potentialAction\":[{\"@type\":\"ReadAction\",\"target\":[\"https:\\\/\\\/www.laertes.es\\\/ca\\\/llibre\\\/avio-en-vol-ras\\\/\"]}]},{\"@type\":\"ImageObject\",\"inLanguage\":\"ca\",\"@id\":\"https:\\\/\\\/www.laertes.es\\\/ca\\\/llibre\\\/avio-en-vol-ras\\\/#primaryimage\",\"url\":\"https:\\\/\\\/www.laertes.es\\\/wp-content\\\/uploads\\\/2023\\\/01\\\/ARC106.webp\",\"contentUrl\":\"https:\\\/\\\/www.laertes.es\\\/wp-content\\\/uploads\\\/2023\\\/01\\\/ARC106.webp\",\"width\":802,\"height\":1200,\"caption\":\"Avi\u00f3 en vol ras\"},{\"@type\":\"BreadcrumbList\",\"@id\":\"https:\\\/\\\/www.laertes.es\\\/ca\\\/llibre\\\/avio-en-vol-ras\\\/#breadcrumb\",\"itemListElement\":[{\"@type\":\"ListItem\",\"position\":1,\"name\":\"Portada\",\"item\":\"https:\\\/\\\/www.laertes.es\\\/ca\\\/\"},{\"@type\":\"ListItem\",\"position\":2,\"name\":\"Tienda\",\"item\":\"https:\\\/\\\/www.laertes.es\\\/tienda\\\/\"},{\"@type\":\"ListItem\",\"position\":3,\"name\":\"Avi\u00f3 en vol ras\"}]},{\"@type\":\"WebSite\",\"@id\":\"https:\\\/\\\/www.laertes.es\\\/ca\\\/#website\",\"url\":\"https:\\\/\\\/www.laertes.es\\\/ca\\\/\",\"name\":\"Laertes Ediciones\",\"description\":\"Editorial independiente desde 1975\",\"alternateName\":\"Laertes\",\"potentialAction\":[{\"@type\":\"SearchAction\",\"target\":{\"@type\":\"EntryPoint\",\"urlTemplate\":\"https:\\\/\\\/www.laertes.es\\\/ca\\\/?s={search_term_string}\"},\"query-input\":{\"@type\":\"PropertyValueSpecification\",\"valueRequired\":true,\"valueName\":\"search_term_string\"}}],\"inLanguage\":\"ca\"}]}<\/script>\n<!-- \/ Yoast SEO plugin. -->","yoast_head_json":{"title":"Avi\u00f3 en vol ras | Laertes ediciones","description":"Avi\u00f3 en vol ras \u00e9s un recull format per una novel\u00b7la curta i vuit relats amb uns arguments sorprenents, allunyats dels arquetips del g\u00e8nere.","robots":{"index":"index","follow":"follow","max-snippet":"max-snippet:-1","max-image-preview":"max-image-preview:large","max-video-preview":"max-video-preview:-1"},"canonical":"https:\/\/www.laertes.es\/ca\/llibre\/avio-en-vol-ras\/","og_locale":"ca_ES","og_type":"article","og_title":"Avi\u00f3 en vol ras | Laertes ediciones","og_description":"Avi\u00f3 en vol ras \u00e9s un recull format per una novel\u00b7la curta i vuit relats amb uns arguments sorprenents, allunyats dels arquetips del g\u00e8nere.","og_url":"https:\/\/www.laertes.es\/ca\/llibre\/avio-en-vol-ras\/","og_site_name":"Laertes ediciones","article_modified_time":"2023-05-29T15:08:44+00:00","og_image":[{"width":802,"height":1200,"url":"https:\/\/www.laertes.es\/wp-content\/uploads\/2023\/01\/ARC106.webp","type":"image\/webp"}],"twitter_misc":{"Temps estimat de lectura":"2 minuts"},"schema":{"@context":"https:\/\/schema.org","@graph":[{"@type":"WebPage","@id":"https:\/\/www.laertes.es\/ca\/llibre\/avio-en-vol-ras\/","url":"https:\/\/www.laertes.es\/ca\/llibre\/avio-en-vol-ras\/","name":"Avi\u00f3 en vol ras | Laertes ediciones","isPartOf":{"@id":"https:\/\/www.laertes.es\/ca\/#website"},"primaryImageOfPage":{"@id":"https:\/\/www.laertes.es\/ca\/llibre\/avio-en-vol-ras\/#primaryimage"},"image":{"@id":"https:\/\/www.laertes.es\/ca\/llibre\/avio-en-vol-ras\/#primaryimage"},"thumbnailUrl":"https:\/\/www.laertes.es\/wp-content\/uploads\/2023\/01\/ARC106.webp","datePublished":"2023-01-24T15:07:53+00:00","dateModified":"2023-05-29T15:08:44+00:00","description":"Avi\u00f3 en vol ras \u00e9s un recull format per una novel\u00b7la curta i vuit relats amb uns arguments sorprenents, allunyats dels arquetips del g\u00e8nere.","breadcrumb":{"@id":"https:\/\/www.laertes.es\/ca\/llibre\/avio-en-vol-ras\/#breadcrumb"},"inLanguage":"ca","potentialAction":[{"@type":"ReadAction","target":["https:\/\/www.laertes.es\/ca\/llibre\/avio-en-vol-ras\/"]}]},{"@type":"ImageObject","inLanguage":"ca","@id":"https:\/\/www.laertes.es\/ca\/llibre\/avio-en-vol-ras\/#primaryimage","url":"https:\/\/www.laertes.es\/wp-content\/uploads\/2023\/01\/ARC106.webp","contentUrl":"https:\/\/www.laertes.es\/wp-content\/uploads\/2023\/01\/ARC106.webp","width":802,"height":1200,"caption":"Avi\u00f3 en vol ras"},{"@type":"BreadcrumbList","@id":"https:\/\/www.laertes.es\/ca\/llibre\/avio-en-vol-ras\/#breadcrumb","itemListElement":[{"@type":"ListItem","position":1,"name":"Portada","item":"https:\/\/www.laertes.es\/ca\/"},{"@type":"ListItem","position":2,"name":"Tienda","item":"https:\/\/www.laertes.es\/tienda\/"},{"@type":"ListItem","position":3,"name":"Avi\u00f3 en vol ras"}]},{"@type":"WebSite","@id":"https:\/\/www.laertes.es\/ca\/#website","url":"https:\/\/www.laertes.es\/ca\/","name":"Laertes Ediciones","description":"Editorial independiente desde 1975","alternateName":"Laertes","potentialAction":[{"@type":"SearchAction","target":{"@type":"EntryPoint","urlTemplate":"https:\/\/www.laertes.es\/ca\/?s={search_term_string}"},"query-input":{"@type":"PropertyValueSpecification","valueRequired":true,"valueName":"search_term_string"}}],"inLanguage":"ca"}]}},"_links":{"self":[{"href":"https:\/\/www.laertes.es\/ca\/wp-json\/wp\/v2\/product\/11831","targetHints":{"allow":["GET"]}}],"collection":[{"href":"https:\/\/www.laertes.es\/ca\/wp-json\/wp\/v2\/product"}],"about":[{"href":"https:\/\/www.laertes.es\/ca\/wp-json\/wp\/v2\/types\/product"}],"version-history":[{"count":2,"href":"https:\/\/www.laertes.es\/ca\/wp-json\/wp\/v2\/product\/11831\/revisions"}],"predecessor-version":[{"id":13389,"href":"https:\/\/www.laertes.es\/ca\/wp-json\/wp\/v2\/product\/11831\/revisions\/13389"}],"wp:featuredmedia":[{"embeddable":true,"href":"https:\/\/www.laertes.es\/ca\/wp-json\/wp\/v2\/media\/12982"}],"wp:attachment":[{"href":"https:\/\/www.laertes.es\/ca\/wp-json\/wp\/v2\/media?parent=11831"}],"wp:term":[{"taxonomy":"product_brand","embeddable":true,"href":"https:\/\/www.laertes.es\/ca\/wp-json\/wp\/v2\/product_brand?post=11831"},{"taxonomy":"product_cat","embeddable":true,"href":"https:\/\/www.laertes.es\/ca\/wp-json\/wp\/v2\/product_cat?post=11831"},{"taxonomy":"product_tag","embeddable":true,"href":"https:\/\/www.laertes.es\/ca\/wp-json\/wp\/v2\/product_tag?post=11831"},{"taxonomy":"autores","embeddable":true,"href":"https:\/\/www.laertes.es\/ca\/wp-json\/wp\/v2\/autores?post=11831"},{"taxonomy":"formatos","embeddable":true,"href":"https:\/\/www.laertes.es\/ca\/wp-json\/wp\/v2\/formatos?post=11831"},{"taxonomy":"materias","embeddable":true,"href":"https:\/\/www.laertes.es\/ca\/wp-json\/wp\/v2\/materias?post=11831"}],"curies":[{"name":"wp","href":"https:\/\/api.w.org\/{rel}","templated":true}]}}