{"id":11830,"date":"2023-01-24T15:07:53","date_gmt":"2023-01-24T15:07:53","guid":{"rendered":"https:\/libro\/el-restaurant-del-final-de-lunivers\/"},"modified":"2023-05-06T04:41:42","modified_gmt":"2023-05-06T04:41:42","slug":"el-restaurant-del-final-de-lunivers","status":"publish","type":"product","link":"https:\/\/www.laertes.es\/ca\/llibre\/el-restaurant-del-final-de-lunivers\/","title":{"rendered":"El restaurant del Final de l&#8217;Univers"},"content":{"rendered":"<p>A <em>El restaurant del Final de l&#8217;Univers<\/em> la tripulaci\u00f3 del Cor Auri viatjar\u00e0 en el temps i l&#8217;espai per diferents indrets de l&#8217;Univers en un seguit d&#8217;aventures tan hilarants que no podr\u00e0s aguantar el riure. Gr\u00e0cies al Propulsor d&#8217;Improbabilitat Infinita i armats amb tovalloles, s&#8217;enrolaran en la missi\u00f3 de trobar l&#8217;home que governa la Gal\u00e0xia i potser l&#8217;Univers. Per aix\u00f2 hauran de fer parada primer al Mil\u00b7livies, el restaurant on cada nit hi ha un sopar amb un espectacle en el qual els comensals presencien l&#8217;esclat real de la fi de l&#8217;Univers. Ordinadors que preparen te, estrelles del rock gal\u00e0ctiques, planetes amb exc\u00e9s de sabateries i, fins i tot, l&#8217;origen de la humanitat. Sempre acompanyats dels bons consells que ens regala la Guia per a autoestopistes gal\u00e0ctics. Benvinguts a la segona entrega d&#8217;aquesta trilogia escrita en cinc parts de Douglas Adams que pot ser llegida en qualsevol ordre.<\/p>\n<p>A <em>El restaurant del Final de l&#8217;Univers<\/em> la tripulaci\u00f3 del Cor Auri viatjar\u00e0 en el temps i l&#8217;espai per diferents indrets de l&#8217;Univers en un seguit d&#8217;aventures tan hilarants que no podr\u00e0s aguantar el riure. Gr\u00e0cies al Propulsor d&#8217;Improbabilitat Infinita i armats amb tovalloles, s&#8217;enrolaran en la missi\u00f3 de trobar l&#8217;home que governa la Gal\u00e0xia i potser l&#8217;Univers. Per aix\u00f2 hauran de fer parada primer al Mil\u00b7livies, el restaurant on cada nit hi ha un sopar amb un espectacle en el qual els comensals presencien l&#8217;esclat real de la fi de l&#8217;Univers. Ordinadors que preparen te, estrelles del rock gal\u00e0ctiques, planetes amb exc\u00e9s de sabateries i, fins i tot, l&#8217;origen de la humanitat. Sempre acompanyats dels bons consells que ens regala la Guia per a autoestopistes gal\u00e0ctics. Benvinguts a la segona entrega d&#8217;aquesta trilogia escrita en cinc parts de Douglas Adams que pot ser llegida en qualsevol ordre.<\/p>\n<p>A <em>El restaurant del Final de l&#8217;Univers<\/em> la tripulaci\u00f3 del Cor Auri viatjar\u00e0 en el temps i l&#8217;espai per diferents indrets de l&#8217;Univers en un seguit d&#8217;aventures tan hilarants que no podr\u00e0s aguantar el riure. Gr\u00e0cies al Propulsor d&#8217;Improbabilitat Infinita i armats amb tovalloles, s&#8217;enrolaran en la missi\u00f3 de trobar l&#8217;home que governa la Gal\u00e0xia i potser l&#8217;Univers. Per aix\u00f2 hauran de fer parada primer al Mil\u00b7livies, el restaurant on cada nit hi ha un sopar amb un espectacle en el qual els comensals presencien l&#8217;esclat real de la fi de l&#8217;Univers. Ordinadors que preparen te, estrelles del rock gal\u00e0ctiques, planetes amb exc\u00e9s de sabateries i, fins i tot, l&#8217;origen de la humanitat. Sempre acompanyats dels bons consells que ens regala la Guia per a autoestopistes gal\u00e0ctics. Benvinguts a la segona entrega d&#8217;aquesta trilogia escrita en cinc parts de Douglas Adams que pot ser llegida en qualsevol ordre.<\/p>\n","protected":false},"excerpt":{"rendered":"<p>A El restaurant del final de l&#8217;Univers la tripulaci\u00f3 del Cor Auri viatjar\u00e0 en el temps i l&#8217;espai per diferents indrets de l?Univers en un seguit d&#8217;aventures tan hilarants que no podr\u00e0s aguantar el riure. Gr\u00e0cies al Propulsor d?Improbabilitat Infinita i armats amb tovalloles, s&#8217;enrolaran en la missi\u00f3 de trobar l&#8217;home que governa la Gal\u00e0xia i potser l&#8217;Univers. Per aix\u00f2 hauran de fer parada primer al Mil\u00b7livies, el restaurant on cada nit hi ha un sopar amb un espectacle en el qual els comensals presencien l&#8217;esclat real de la fi de l&#8217;Univers. Ordinadors que preparen te, estrelles del rock gal\u00e0ctiques, planetes amb exc\u00e9s de sabateries i, fins i tot, l&#8217;origen de la humanitat. Sempre acompanyats dels bons consells que ens regala la Guia per a autoestopistes gal\u00e0ctics. Benvinguts a la segona entrega d&#8217;aquesta trilogia escrita en cinc parts de Douglas Adams que pot ser llegida en qualsevol ordre.<\/p>\n","protected":false},"featured_media":12977,"template":"","meta":[],"product_brand":[],"product_cat":[296],"product_tag":[676,693,694,695,987],"autores":[425],"formatos":[355],"materias":[356],"class_list":{"0":"post-11830","1":"product","2":"type-product","3":"status-publish","4":"has-post-thumbnail","6":"product_cat-larca-ca","7":"product_tag-ciencia-ficcio-ca","8":"product_tag-comedia-ca","9":"product_tag-monty-python-ca","10":"product_tag-surrealisme-ca","11":"product_tag-the-hitchhikers-guide-to-the-galaxy-ca","12":"autores-adams-douglas-ca","13":"formatos-llibre","14":"materias-cuentos-clasicos-de-generos-fantasticos-ca","16":"first","17":"instock","18":"purchasable","19":"product-type-simple"},"yoast_head":"<!-- This site is optimized with the Yoast SEO plugin v27.3 - https:\/\/yoast.com\/product\/yoast-seo-wordpress\/ -->\n<title>El restaurant del Final de l&#039;Univers | Laertes ediciones<\/title>\n<meta name=\"description\" content=\"A El restaurant del Final de l&#039;Univers la tripulaci\u00f3 del Cor Auri viatjar\u00e0 en el temps i l&#039;espai per diferents indrets de l&#039;Univers.\" \/>\n<meta name=\"robots\" content=\"index, follow, max-snippet:-1, max-image-preview:large, max-video-preview:-1\" \/>\n<link rel=\"canonical\" href=\"https:\/\/www.laertes.es\/ca\/llibre\/el-restaurant-del-final-de-lunivers\/\" \/>\n<meta property=\"og:locale\" content=\"ca_ES\" \/>\n<meta property=\"og:type\" content=\"article\" \/>\n<meta property=\"og:title\" content=\"El restaurant del Final de l&#039;Univers | Laertes ediciones\" \/>\n<meta property=\"og:description\" content=\"A El restaurant del Final de l&#039;Univers la tripulaci\u00f3 del Cor Auri viatjar\u00e0 en el temps i l&#039;espai per diferents indrets de l&#039;Univers.\" \/>\n<meta property=\"og:url\" content=\"https:\/\/www.laertes.es\/ca\/llibre\/el-restaurant-del-final-de-lunivers\/\" \/>\n<meta property=\"og:site_name\" content=\"Laertes ediciones\" \/>\n<meta property=\"article:modified_time\" content=\"2023-05-06T04:41:42+00:00\" \/>\n<meta property=\"og:image\" content=\"https:\/\/www.laertes.es\/wp-content\/uploads\/2023\/01\/ARC105.webp\" \/>\n\t<meta property=\"og:image:width\" content=\"802\" \/>\n\t<meta property=\"og:image:height\" content=\"1200\" \/>\n\t<meta property=\"og:image:type\" content=\"image\/webp\" \/>\n<meta name=\"twitter:label1\" content=\"Temps estimat de lectura\" \/>\n\t<meta name=\"twitter:data1\" content=\"2 minuts\" \/>\n<script type=\"application\/ld+json\" class=\"yoast-schema-graph\">{\"@context\":\"https:\\\/\\\/schema.org\",\"@graph\":[{\"@type\":\"WebPage\",\"@id\":\"https:\\\/\\\/www.laertes.es\\\/ca\\\/llibre\\\/el-restaurant-del-final-de-lunivers\\\/\",\"url\":\"https:\\\/\\\/www.laertes.es\\\/ca\\\/llibre\\\/el-restaurant-del-final-de-lunivers\\\/\",\"name\":\"El restaurant del Final de l'Univers | Laertes ediciones\",\"isPartOf\":{\"@id\":\"https:\\\/\\\/www.laertes.es\\\/ca\\\/#website\"},\"primaryImageOfPage\":{\"@id\":\"https:\\\/\\\/www.laertes.es\\\/ca\\\/llibre\\\/el-restaurant-del-final-de-lunivers\\\/#primaryimage\"},\"image\":{\"@id\":\"https:\\\/\\\/www.laertes.es\\\/ca\\\/llibre\\\/el-restaurant-del-final-de-lunivers\\\/#primaryimage\"},\"thumbnailUrl\":\"https:\\\/\\\/www.laertes.es\\\/wp-content\\\/uploads\\\/2023\\\/01\\\/ARC105.webp\",\"datePublished\":\"2023-01-24T15:07:53+00:00\",\"dateModified\":\"2023-05-06T04:41:42+00:00\",\"description\":\"A El restaurant del Final de l'Univers la tripulaci\u00f3 del Cor Auri viatjar\u00e0 en el temps i l'espai per diferents indrets de l'Univers.\",\"breadcrumb\":{\"@id\":\"https:\\\/\\\/www.laertes.es\\\/ca\\\/llibre\\\/el-restaurant-del-final-de-lunivers\\\/#breadcrumb\"},\"inLanguage\":\"ca\",\"potentialAction\":[{\"@type\":\"ReadAction\",\"target\":[\"https:\\\/\\\/www.laertes.es\\\/ca\\\/llibre\\\/el-restaurant-del-final-de-lunivers\\\/\"]}]},{\"@type\":\"ImageObject\",\"inLanguage\":\"ca\",\"@id\":\"https:\\\/\\\/www.laertes.es\\\/ca\\\/llibre\\\/el-restaurant-del-final-de-lunivers\\\/#primaryimage\",\"url\":\"https:\\\/\\\/www.laertes.es\\\/wp-content\\\/uploads\\\/2023\\\/01\\\/ARC105.webp\",\"contentUrl\":\"https:\\\/\\\/www.laertes.es\\\/wp-content\\\/uploads\\\/2023\\\/01\\\/ARC105.webp\",\"width\":802,\"height\":1200,\"caption\":\"El restaurant del Final de l'Univers\"},{\"@type\":\"BreadcrumbList\",\"@id\":\"https:\\\/\\\/www.laertes.es\\\/ca\\\/llibre\\\/el-restaurant-del-final-de-lunivers\\\/#breadcrumb\",\"itemListElement\":[{\"@type\":\"ListItem\",\"position\":1,\"name\":\"Portada\",\"item\":\"https:\\\/\\\/www.laertes.es\\\/ca\\\/\"},{\"@type\":\"ListItem\",\"position\":2,\"name\":\"Tienda\",\"item\":\"https:\\\/\\\/www.laertes.es\\\/tienda\\\/\"},{\"@type\":\"ListItem\",\"position\":3,\"name\":\"El restaurant del Final de l&#8217;Univers\"}]},{\"@type\":\"WebSite\",\"@id\":\"https:\\\/\\\/www.laertes.es\\\/ca\\\/#website\",\"url\":\"https:\\\/\\\/www.laertes.es\\\/ca\\\/\",\"name\":\"Laertes Ediciones\",\"description\":\"Editorial independiente desde 1975\",\"alternateName\":\"Laertes\",\"potentialAction\":[{\"@type\":\"SearchAction\",\"target\":{\"@type\":\"EntryPoint\",\"urlTemplate\":\"https:\\\/\\\/www.laertes.es\\\/ca\\\/?s={search_term_string}\"},\"query-input\":{\"@type\":\"PropertyValueSpecification\",\"valueRequired\":true,\"valueName\":\"search_term_string\"}}],\"inLanguage\":\"ca\"}]}<\/script>\n<!-- \/ Yoast SEO plugin. -->","yoast_head_json":{"title":"El restaurant del Final de l'Univers | Laertes ediciones","description":"A El restaurant del Final de l'Univers la tripulaci\u00f3 del Cor Auri viatjar\u00e0 en el temps i l'espai per diferents indrets de l'Univers.","robots":{"index":"index","follow":"follow","max-snippet":"max-snippet:-1","max-image-preview":"max-image-preview:large","max-video-preview":"max-video-preview:-1"},"canonical":"https:\/\/www.laertes.es\/ca\/llibre\/el-restaurant-del-final-de-lunivers\/","og_locale":"ca_ES","og_type":"article","og_title":"El restaurant del Final de l'Univers | Laertes ediciones","og_description":"A El restaurant del Final de l'Univers la tripulaci\u00f3 del Cor Auri viatjar\u00e0 en el temps i l'espai per diferents indrets de l'Univers.","og_url":"https:\/\/www.laertes.es\/ca\/llibre\/el-restaurant-del-final-de-lunivers\/","og_site_name":"Laertes ediciones","article_modified_time":"2023-05-06T04:41:42+00:00","og_image":[{"width":802,"height":1200,"url":"https:\/\/www.laertes.es\/wp-content\/uploads\/2023\/01\/ARC105.webp","type":"image\/webp"}],"twitter_misc":{"Temps estimat de lectura":"2 minuts"},"schema":{"@context":"https:\/\/schema.org","@graph":[{"@type":"WebPage","@id":"https:\/\/www.laertes.es\/ca\/llibre\/el-restaurant-del-final-de-lunivers\/","url":"https:\/\/www.laertes.es\/ca\/llibre\/el-restaurant-del-final-de-lunivers\/","name":"El restaurant del Final de l'Univers | Laertes ediciones","isPartOf":{"@id":"https:\/\/www.laertes.es\/ca\/#website"},"primaryImageOfPage":{"@id":"https:\/\/www.laertes.es\/ca\/llibre\/el-restaurant-del-final-de-lunivers\/#primaryimage"},"image":{"@id":"https:\/\/www.laertes.es\/ca\/llibre\/el-restaurant-del-final-de-lunivers\/#primaryimage"},"thumbnailUrl":"https:\/\/www.laertes.es\/wp-content\/uploads\/2023\/01\/ARC105.webp","datePublished":"2023-01-24T15:07:53+00:00","dateModified":"2023-05-06T04:41:42+00:00","description":"A El restaurant del Final de l'Univers la tripulaci\u00f3 del Cor Auri viatjar\u00e0 en el temps i l'espai per diferents indrets de l'Univers.","breadcrumb":{"@id":"https:\/\/www.laertes.es\/ca\/llibre\/el-restaurant-del-final-de-lunivers\/#breadcrumb"},"inLanguage":"ca","potentialAction":[{"@type":"ReadAction","target":["https:\/\/www.laertes.es\/ca\/llibre\/el-restaurant-del-final-de-lunivers\/"]}]},{"@type":"ImageObject","inLanguage":"ca","@id":"https:\/\/www.laertes.es\/ca\/llibre\/el-restaurant-del-final-de-lunivers\/#primaryimage","url":"https:\/\/www.laertes.es\/wp-content\/uploads\/2023\/01\/ARC105.webp","contentUrl":"https:\/\/www.laertes.es\/wp-content\/uploads\/2023\/01\/ARC105.webp","width":802,"height":1200,"caption":"El restaurant del Final de l'Univers"},{"@type":"BreadcrumbList","@id":"https:\/\/www.laertes.es\/ca\/llibre\/el-restaurant-del-final-de-lunivers\/#breadcrumb","itemListElement":[{"@type":"ListItem","position":1,"name":"Portada","item":"https:\/\/www.laertes.es\/ca\/"},{"@type":"ListItem","position":2,"name":"Tienda","item":"https:\/\/www.laertes.es\/tienda\/"},{"@type":"ListItem","position":3,"name":"El restaurant del Final de l&#8217;Univers"}]},{"@type":"WebSite","@id":"https:\/\/www.laertes.es\/ca\/#website","url":"https:\/\/www.laertes.es\/ca\/","name":"Laertes Ediciones","description":"Editorial independiente desde 1975","alternateName":"Laertes","potentialAction":[{"@type":"SearchAction","target":{"@type":"EntryPoint","urlTemplate":"https:\/\/www.laertes.es\/ca\/?s={search_term_string}"},"query-input":{"@type":"PropertyValueSpecification","valueRequired":true,"valueName":"search_term_string"}}],"inLanguage":"ca"}]}},"_links":{"self":[{"href":"https:\/\/www.laertes.es\/ca\/wp-json\/wp\/v2\/product\/11830","targetHints":{"allow":["GET"]}}],"collection":[{"href":"https:\/\/www.laertes.es\/ca\/wp-json\/wp\/v2\/product"}],"about":[{"href":"https:\/\/www.laertes.es\/ca\/wp-json\/wp\/v2\/types\/product"}],"version-history":[{"count":2,"href":"https:\/\/www.laertes.es\/ca\/wp-json\/wp\/v2\/product\/11830\/revisions"}],"predecessor-version":[{"id":13385,"href":"https:\/\/www.laertes.es\/ca\/wp-json\/wp\/v2\/product\/11830\/revisions\/13385"}],"wp:featuredmedia":[{"embeddable":true,"href":"https:\/\/www.laertes.es\/ca\/wp-json\/wp\/v2\/media\/12977"}],"wp:attachment":[{"href":"https:\/\/www.laertes.es\/ca\/wp-json\/wp\/v2\/media?parent=11830"}],"wp:term":[{"taxonomy":"product_brand","embeddable":true,"href":"https:\/\/www.laertes.es\/ca\/wp-json\/wp\/v2\/product_brand?post=11830"},{"taxonomy":"product_cat","embeddable":true,"href":"https:\/\/www.laertes.es\/ca\/wp-json\/wp\/v2\/product_cat?post=11830"},{"taxonomy":"product_tag","embeddable":true,"href":"https:\/\/www.laertes.es\/ca\/wp-json\/wp\/v2\/product_tag?post=11830"},{"taxonomy":"autores","embeddable":true,"href":"https:\/\/www.laertes.es\/ca\/wp-json\/wp\/v2\/autores?post=11830"},{"taxonomy":"formatos","embeddable":true,"href":"https:\/\/www.laertes.es\/ca\/wp-json\/wp\/v2\/formatos?post=11830"},{"taxonomy":"materias","embeddable":true,"href":"https:\/\/www.laertes.es\/ca\/wp-json\/wp\/v2\/materias?post=11830"}],"curies":[{"name":"wp","href":"https:\/\/api.w.org\/{rel}","templated":true}]}}