{"id":11829,"date":"2023-01-24T15:07:53","date_gmt":"2023-01-24T15:07:53","guid":{"rendered":"https:\/libro\/conan-3\/"},"modified":"2023-05-06T04:04:10","modified_gmt":"2023-05-06T04:04:10","slug":"conan-2","status":"publish","type":"product","link":"https:\/\/www.laertes.es\/ca\/llibre\/conan-2\/","title":{"rendered":"C\u00f2nan 2"},"content":{"rendered":"<h1>C\u00f2nan 2<\/h1>\n<p style=\"text-align: justify\">C\u00f2nan 2 En aquest recull, un C\u00f2nan en plena joventut viur\u00e0 cinc de les seves hist\u00f2ries m\u00e9s trepidants. El nostre antiheroi s&#8217;enrolar\u00e0 a La Tigressa, la nau de la pirata Belit. Junts, el Cimeri i la Reina de la Costa Negra, navegaran per mars i rius a la recerca de botins magn\u00edfics i vaixells per assaltar, enfrontant-se a tripulacions armades, per\u00f2 tamb\u00e9 a horrors sobrenaturals. A la resta de relats, C\u00f2nan, sempre lluny de les terres del nord, sobreviur\u00e0 gr\u00e0cies a la seva espasa i a la seva ast\u00facia lluitant contra monstres ancestrals, est\u00e0tues que cobren vida, can\u00edbals o cabdills tribals. Aquest cop, per\u00f2, ho far\u00e0 compartint el protagonisme de les aventures amb personatges femenins tan impactants com la cruel Salom\u00e9 a \u00abNaixer\u00e0 una bruixa\u00bb, l&#8217;estudiosa L\u00edbia a \u00abLa vall de les dones perdudes\u00bb, la valenta Ol\u00edvia a \u00abOmbres a la llum de la lluna\u00bb i la ballarina Zabibi a \u00abOmbres sobre Zamboula\u00bb.<\/p>\n<p>C\u00f2nan \u00e9s el personatge m\u00e9s rellevant de l&#8217;escriptor de literatura pulp Robert E. Howard, pare del g\u00e8nere anomenat \u00abespasa i bruixeria\u00bb i un dels narradors m\u00e9s ic\u00f2nics de la revista Weird Tales. Creador d&#8217;altres personatges com Solomon Kane o Kull, el Conqueridor, ha passat a la hist\u00f2ria sobretot per les narracions que va escriure sobre C\u00f2nan, qui, gr\u00e0cies a les recopilacions dels seus relats i les seves adaptacions al c\u00f2mic i al cinema, ha esdevingut una icona del segle xx.<\/p>\n<p style=\"text-align: justify\">En aquest recull, un C\u00f2nan en plena joventut viur\u00e0 cinc de les seves hist\u00f2ries m\u00e9s trepidants. El nostre antiheroi s&#8217;enrolar\u00e0 a La Tigressa, la nau de la pirata Belit. Junts, el Cimeri i la Reina de la Costa Negra, navegaran per mars i rius a la recerca de botins magn\u00edfics i vaixells per assaltar, enfrontant-se a tripulacions armades, per\u00f2 tamb\u00e9 a horrors sobrenaturals. A la resta de relats, C\u00f2nan, sempre lluny de les terres del nord, sobreviur\u00e0 gr\u00e0cies a la seva espasa i a la seva ast\u00facia lluitant contra monstres ancestrals, est\u00e0tues que cobren vida, can\u00edbals o cabdills tribals. Aquest cop, per\u00f2, ho far\u00e0 compartint el protagonisme de les aventures amb personatges femenins tan impactants com la cruel Salom\u00e9 a \u00abNaixer\u00e0 una bruixa\u00bb, l&#8217;estudiosa L\u00edbia a \u00abLa vall de les dones perdudes\u00bb, la valenta Ol\u00edvia a \u00abOmbres a la llum de la lluna\u00bb i la ballarina Zabibi a \u00abOmbres sobre Zamboula\u00bb.<\/p>\n<p>C\u00f2nan \u00e9s el personatge m\u00e9s rellevant de l&#8217;escriptor de literatura pulp Robert E. Howard, pare del g\u00e8nere anomenat \u00abespasa i bruixeria\u00bb i un dels narradors m\u00e9s ic\u00f2nics de la revista Weird Tales. Creador d&#8217;altres personatges com Solomon Kane o Kull, el Conqueridor, ha passat a la hist\u00f2ria sobretot per les narracions que va escriure sobre C\u00f2nan, qui, gr\u00e0cies a les recopilacions dels seus relats i les seves adaptacions al c\u00f2mic i al cinema, ha esdevingut una icona del segle xx.<\/p>\n","protected":false},"excerpt":{"rendered":"<p>En aquest recull, un C\u00f2nan en plena joventut viur\u00e0 cinc de les seves hist\u00f2ries m\u00e9s trepidants. El nostre antiheroi s&#8217;enrolar\u00e0 a La Tigressa, la nau de la pirata Belit. Junts, el Cimeri i la Reina de la Costa Negra, navegaran per mars i rius a la recerca de botins magn\u00edfics i vaixells per assaltar, enfrontant-se a tripulacions armades, per\u00f2 tamb\u00e9 a horrors sobrenaturals. A la resta de relats, C\u00f2nan, sempre lluny de les terres del nord, sobreviur\u00e0 gr\u00e0cies a la seva espasa i a la seva ast\u00facia lluitant contra monstres ancestrals, est\u00e0tues que cobren vida, can\u00edbals o cabdills tribals. Aquest cop, per\u00f2, ho far\u00e0 compartint el protagonisme de les aventures amb personatges femenins tan impactants com la cruel Salom\u00e9 a \u00abNaixer\u00e0 una bruixa\u00bb, l&#8217;estudiosa L\u00edbia a \u00abLa vall de les dones perdudes\u00bb, la valenta Ol\u00edvia a \u00abOmbres a la llum de la lluna\u00bb i la ballarina Zabibi a \u00abOmbres sobre Zamboula\u00bb. C\u00f2nan \u00e9s el personatge m\u00e9s rellevant de l&#8217;escriptor de literatura pulp Robert E. Howard, pare del g\u00e8nere anomenat \u00abespasa i bruixeria\u00bb i un dels narradors m\u00e9s ic\u00f2nics de la revista Weird Tales. Creador d&#8217;altres personatges com Solomon Kane o Kull, el Conqueridor, ha passat a la hist\u00f2ria sobretot per les narracions que va escriure sobre C\u00f2nan, qui, gr\u00e0cies a les recopilacions dels seus relats i les seves adaptacions al c\u00f2mic i al cinema, ha esdevingut una icona del segle xx.<\/p>\n","protected":false},"featured_media":12967,"template":"","meta":[],"product_brand":[],"product_cat":[296],"product_tag":[682,683],"autores":[451],"formatos":[355],"materias":[356],"class_list":{"0":"post-11829","1":"product","2":"type-product","3":"status-publish","4":"has-post-thumbnail","6":"product_cat-larca-ca","7":"product_tag-espasa-i-bruixeria-ca","8":"product_tag-weird-tales-ca","9":"autores-howard-robert-e-ca","10":"formatos-llibre","11":"materias-cuentos-clasicos-de-generos-fantasticos-ca","13":"first","14":"instock","15":"purchasable","16":"product-type-simple"},"yoast_head":"<!-- This site is optimized with the Yoast SEO plugin v27.3 - https:\/\/yoast.com\/product\/yoast-seo-wordpress\/ -->\n<title>C\u00f2nan 2 | Laertes ediciones<\/title>\n<meta name=\"description\" content=\"C\u00f2nan 2 | En aquest recull, un C\u00f2nan en plena joventut viur\u00e0 cinc de les seves hist\u00f2ries m\u00e9s trepidants.\" \/>\n<meta name=\"robots\" content=\"index, follow, max-snippet:-1, max-image-preview:large, max-video-preview:-1\" \/>\n<link rel=\"canonical\" href=\"https:\/\/www.laertes.es\/ca\/llibre\/conan-2\/\" \/>\n<meta property=\"og:locale\" content=\"ca_ES\" \/>\n<meta property=\"og:type\" content=\"article\" \/>\n<meta property=\"og:title\" content=\"C\u00f2nan 2 | Laertes ediciones\" \/>\n<meta property=\"og:description\" content=\"C\u00f2nan 2 | En aquest recull, un C\u00f2nan en plena joventut viur\u00e0 cinc de les seves hist\u00f2ries m\u00e9s trepidants.\" \/>\n<meta property=\"og:url\" content=\"https:\/\/www.laertes.es\/ca\/llibre\/conan-2\/\" \/>\n<meta property=\"og:site_name\" content=\"Laertes ediciones\" \/>\n<meta property=\"article:modified_time\" content=\"2023-05-06T04:04:10+00:00\" \/>\n<meta property=\"og:image\" content=\"https:\/\/www.laertes.es\/wp-content\/uploads\/2023\/01\/ARC104.webp\" \/>\n\t<meta property=\"og:image:width\" content=\"802\" \/>\n\t<meta property=\"og:image:height\" content=\"1200\" \/>\n\t<meta property=\"og:image:type\" content=\"image\/webp\" \/>\n<meta name=\"twitter:label1\" content=\"Temps estimat de lectura\" \/>\n\t<meta name=\"twitter:data1\" content=\"3 minuts\" \/>\n<script type=\"application\/ld+json\" class=\"yoast-schema-graph\">{\"@context\":\"https:\\\/\\\/schema.org\",\"@graph\":[{\"@type\":\"WebPage\",\"@id\":\"https:\\\/\\\/www.laertes.es\\\/ca\\\/llibre\\\/conan-2\\\/\",\"url\":\"https:\\\/\\\/www.laertes.es\\\/ca\\\/llibre\\\/conan-2\\\/\",\"name\":\"C\u00f2nan 2 | Laertes ediciones\",\"isPartOf\":{\"@id\":\"https:\\\/\\\/www.laertes.es\\\/ca\\\/#website\"},\"primaryImageOfPage\":{\"@id\":\"https:\\\/\\\/www.laertes.es\\\/ca\\\/llibre\\\/conan-2\\\/#primaryimage\"},\"image\":{\"@id\":\"https:\\\/\\\/www.laertes.es\\\/ca\\\/llibre\\\/conan-2\\\/#primaryimage\"},\"thumbnailUrl\":\"https:\\\/\\\/www.laertes.es\\\/wp-content\\\/uploads\\\/2023\\\/01\\\/ARC104.webp\",\"datePublished\":\"2023-01-24T15:07:53+00:00\",\"dateModified\":\"2023-05-06T04:04:10+00:00\",\"description\":\"C\u00f2nan 2 | En aquest recull, un C\u00f2nan en plena joventut viur\u00e0 cinc de les seves hist\u00f2ries m\u00e9s trepidants.\",\"breadcrumb\":{\"@id\":\"https:\\\/\\\/www.laertes.es\\\/ca\\\/llibre\\\/conan-2\\\/#breadcrumb\"},\"inLanguage\":\"ca\",\"potentialAction\":[{\"@type\":\"ReadAction\",\"target\":[\"https:\\\/\\\/www.laertes.es\\\/ca\\\/llibre\\\/conan-2\\\/\"]}]},{\"@type\":\"ImageObject\",\"inLanguage\":\"ca\",\"@id\":\"https:\\\/\\\/www.laertes.es\\\/ca\\\/llibre\\\/conan-2\\\/#primaryimage\",\"url\":\"https:\\\/\\\/www.laertes.es\\\/wp-content\\\/uploads\\\/2023\\\/01\\\/ARC104.webp\",\"contentUrl\":\"https:\\\/\\\/www.laertes.es\\\/wp-content\\\/uploads\\\/2023\\\/01\\\/ARC104.webp\",\"width\":802,\"height\":1200,\"caption\":\"C\u00f2nan\"},{\"@type\":\"BreadcrumbList\",\"@id\":\"https:\\\/\\\/www.laertes.es\\\/ca\\\/llibre\\\/conan-2\\\/#breadcrumb\",\"itemListElement\":[{\"@type\":\"ListItem\",\"position\":1,\"name\":\"Portada\",\"item\":\"https:\\\/\\\/www.laertes.es\\\/ca\\\/\"},{\"@type\":\"ListItem\",\"position\":2,\"name\":\"Tienda\",\"item\":\"https:\\\/\\\/www.laertes.es\\\/tienda\\\/\"},{\"@type\":\"ListItem\",\"position\":3,\"name\":\"C\u00f2nan 2\"}]},{\"@type\":\"WebSite\",\"@id\":\"https:\\\/\\\/www.laertes.es\\\/ca\\\/#website\",\"url\":\"https:\\\/\\\/www.laertes.es\\\/ca\\\/\",\"name\":\"Laertes Ediciones\",\"description\":\"Editorial independiente desde 1975\",\"alternateName\":\"Laertes\",\"potentialAction\":[{\"@type\":\"SearchAction\",\"target\":{\"@type\":\"EntryPoint\",\"urlTemplate\":\"https:\\\/\\\/www.laertes.es\\\/ca\\\/?s={search_term_string}\"},\"query-input\":{\"@type\":\"PropertyValueSpecification\",\"valueRequired\":true,\"valueName\":\"search_term_string\"}}],\"inLanguage\":\"ca\"}]}<\/script>\n<!-- \/ Yoast SEO plugin. -->","yoast_head_json":{"title":"C\u00f2nan 2 | Laertes ediciones","description":"C\u00f2nan 2 | En aquest recull, un C\u00f2nan en plena joventut viur\u00e0 cinc de les seves hist\u00f2ries m\u00e9s trepidants.","robots":{"index":"index","follow":"follow","max-snippet":"max-snippet:-1","max-image-preview":"max-image-preview:large","max-video-preview":"max-video-preview:-1"},"canonical":"https:\/\/www.laertes.es\/ca\/llibre\/conan-2\/","og_locale":"ca_ES","og_type":"article","og_title":"C\u00f2nan 2 | Laertes ediciones","og_description":"C\u00f2nan 2 | En aquest recull, un C\u00f2nan en plena joventut viur\u00e0 cinc de les seves hist\u00f2ries m\u00e9s trepidants.","og_url":"https:\/\/www.laertes.es\/ca\/llibre\/conan-2\/","og_site_name":"Laertes ediciones","article_modified_time":"2023-05-06T04:04:10+00:00","og_image":[{"width":802,"height":1200,"url":"https:\/\/www.laertes.es\/wp-content\/uploads\/2023\/01\/ARC104.webp","type":"image\/webp"}],"twitter_misc":{"Temps estimat de lectura":"3 minuts"},"schema":{"@context":"https:\/\/schema.org","@graph":[{"@type":"WebPage","@id":"https:\/\/www.laertes.es\/ca\/llibre\/conan-2\/","url":"https:\/\/www.laertes.es\/ca\/llibre\/conan-2\/","name":"C\u00f2nan 2 | Laertes ediciones","isPartOf":{"@id":"https:\/\/www.laertes.es\/ca\/#website"},"primaryImageOfPage":{"@id":"https:\/\/www.laertes.es\/ca\/llibre\/conan-2\/#primaryimage"},"image":{"@id":"https:\/\/www.laertes.es\/ca\/llibre\/conan-2\/#primaryimage"},"thumbnailUrl":"https:\/\/www.laertes.es\/wp-content\/uploads\/2023\/01\/ARC104.webp","datePublished":"2023-01-24T15:07:53+00:00","dateModified":"2023-05-06T04:04:10+00:00","description":"C\u00f2nan 2 | En aquest recull, un C\u00f2nan en plena joventut viur\u00e0 cinc de les seves hist\u00f2ries m\u00e9s trepidants.","breadcrumb":{"@id":"https:\/\/www.laertes.es\/ca\/llibre\/conan-2\/#breadcrumb"},"inLanguage":"ca","potentialAction":[{"@type":"ReadAction","target":["https:\/\/www.laertes.es\/ca\/llibre\/conan-2\/"]}]},{"@type":"ImageObject","inLanguage":"ca","@id":"https:\/\/www.laertes.es\/ca\/llibre\/conan-2\/#primaryimage","url":"https:\/\/www.laertes.es\/wp-content\/uploads\/2023\/01\/ARC104.webp","contentUrl":"https:\/\/www.laertes.es\/wp-content\/uploads\/2023\/01\/ARC104.webp","width":802,"height":1200,"caption":"C\u00f2nan"},{"@type":"BreadcrumbList","@id":"https:\/\/www.laertes.es\/ca\/llibre\/conan-2\/#breadcrumb","itemListElement":[{"@type":"ListItem","position":1,"name":"Portada","item":"https:\/\/www.laertes.es\/ca\/"},{"@type":"ListItem","position":2,"name":"Tienda","item":"https:\/\/www.laertes.es\/tienda\/"},{"@type":"ListItem","position":3,"name":"C\u00f2nan 2"}]},{"@type":"WebSite","@id":"https:\/\/www.laertes.es\/ca\/#website","url":"https:\/\/www.laertes.es\/ca\/","name":"Laertes Ediciones","description":"Editorial independiente desde 1975","alternateName":"Laertes","potentialAction":[{"@type":"SearchAction","target":{"@type":"EntryPoint","urlTemplate":"https:\/\/www.laertes.es\/ca\/?s={search_term_string}"},"query-input":{"@type":"PropertyValueSpecification","valueRequired":true,"valueName":"search_term_string"}}],"inLanguage":"ca"}]}},"_links":{"self":[{"href":"https:\/\/www.laertes.es\/ca\/wp-json\/wp\/v2\/product\/11829","targetHints":{"allow":["GET"]}}],"collection":[{"href":"https:\/\/www.laertes.es\/ca\/wp-json\/wp\/v2\/product"}],"about":[{"href":"https:\/\/www.laertes.es\/ca\/wp-json\/wp\/v2\/types\/product"}],"version-history":[{"count":2,"href":"https:\/\/www.laertes.es\/ca\/wp-json\/wp\/v2\/product\/11829\/revisions"}],"predecessor-version":[{"id":13370,"href":"https:\/\/www.laertes.es\/ca\/wp-json\/wp\/v2\/product\/11829\/revisions\/13370"}],"wp:featuredmedia":[{"embeddable":true,"href":"https:\/\/www.laertes.es\/ca\/wp-json\/wp\/v2\/media\/12967"}],"wp:attachment":[{"href":"https:\/\/www.laertes.es\/ca\/wp-json\/wp\/v2\/media?parent=11829"}],"wp:term":[{"taxonomy":"product_brand","embeddable":true,"href":"https:\/\/www.laertes.es\/ca\/wp-json\/wp\/v2\/product_brand?post=11829"},{"taxonomy":"product_cat","embeddable":true,"href":"https:\/\/www.laertes.es\/ca\/wp-json\/wp\/v2\/product_cat?post=11829"},{"taxonomy":"product_tag","embeddable":true,"href":"https:\/\/www.laertes.es\/ca\/wp-json\/wp\/v2\/product_tag?post=11829"},{"taxonomy":"autores","embeddable":true,"href":"https:\/\/www.laertes.es\/ca\/wp-json\/wp\/v2\/autores?post=11829"},{"taxonomy":"formatos","embeddable":true,"href":"https:\/\/www.laertes.es\/ca\/wp-json\/wp\/v2\/formatos?post=11829"},{"taxonomy":"materias","embeddable":true,"href":"https:\/\/www.laertes.es\/ca\/wp-json\/wp\/v2\/materias?post=11829"}],"curies":[{"name":"wp","href":"https:\/\/api.w.org\/{rel}","templated":true}]}}