{"id":11828,"date":"2023-01-24T15:07:53","date_gmt":"2023-01-24T15:07:53","guid":{"rendered":"https:\/libro\/lhome-de-la-sorra\/"},"modified":"2023-05-06T04:30:44","modified_gmt":"2023-05-06T04:30:44","slug":"lhome-de-la-sorra","status":"publish","type":"product","link":"https:\/\/www.laertes.es\/ca\/llibre\/lhome-de-la-sorra\/","title":{"rendered":"L&#8217;home de la sorra"},"content":{"rendered":"<h1>L&#8217;home de la sorra<\/h1>\n<p>L&#8217;home de la sorra E. T. A. Hoffmann \u00e9s vist com un pioner, tant del Romanticisme com de la literatura fant\u00e0stica. Algunes de les seves creacions liter\u00e0ries m\u00e9s famoses s\u00f3n, indubtablement, els seus contes fant\u00e0stics. La inquietant hist\u00f2ria de \u00abL&#8217;home de la sorra\u00bb, que explica l&#8217;obsessi\u00f3 d&#8217;un jove amb aquesta figura sorgida dels terrors dels contes infantils, ha inspirat molts artistes al llarg dels anys, des de m\u00fasics com Jacques Offenbach fins a cineastes com David Lynch, passant per escriptors com Neil Gaiman. Tamb\u00e9 Sigmund Freud va quedar impressionat pel relat de \u00abL&#8217;home de la sorra\u00bb i li va dedicar el fam\u00f3s assaig \u00abAll\u00f2 sinistre\u00bb, que incloem en ap\u00e8ndix. \u00abEls famosos relats i novel\u00b7les de Hoffmann s\u00f3n el prototip del perfeccionament del fons i la maduresa de la forma.\u00bb H. P. Lovecraft \u00abE.T.A. Hoffmann \u00e9s un mestre inigualable d?all\u00f2 sinistre en la literatura.\u00bb Sigmund Freud<\/p>\n<p>E. T. A. Hoffmann \u00e9s vist com un pioner, tant del Romanticisme com de la literatura fant\u00e0stica. Algunes de les seves creacions liter\u00e0ries m\u00e9s famoses s\u00f3n, indubtablement, els seus contes fant\u00e0stics. La inquietant hist\u00f2ria de \u00abL&#8217;home de la sorra\u00bb, que explica l&#8217;obsessi\u00f3 d&#8217;un jove amb aquesta figura sorgida dels terrors dels contes infantils, ha inspirat molts artistes al llarg dels anys, des de m\u00fasics com Jacques Offenbach fins a cineastes com David Lynch, passant per escriptors com Neil Gaiman. Tamb\u00e9 Sigmund Freud va quedar impressionat pel relat de \u00abL&#8217;home de la sorra\u00bb i li va dedicar el fam\u00f3s assaig \u00abAll\u00f2 sinistre\u00bb, que incloem en ap\u00e8ndix. \u00abEls famosos relats i novel\u00b7les de Hoffmann s\u00f3n el prototip del perfeccionament del fons i la maduresa de la forma.\u00bb H. P. Lovecraft \u00abE.T.A. Hoffmann \u00e9s un mestre inigualable d?all\u00f2 sinistre en la literatura.\u00bb Sigmund Freud<\/p>\n<p>E. T. A. Hoffmann \u00e9s vist com un pioner, tant del Romanticisme com de la literatura fant\u00e0stica. Algunes de les seves creacions liter\u00e0ries m\u00e9s famoses s\u00f3n, indubtablement, els seus contes fant\u00e0stics. La inquietant hist\u00f2ria de \u00abL&#8217;home de la sorra\u00bb, que explica l&#8217;obsessi\u00f3 d&#8217;un jove amb aquesta figura sorgida dels terrors dels contes infantils, ha inspirat molts artistes al llarg dels anys, des de m\u00fasics com Jacques Offenbach fins a cineastes com David Lynch, passant per escriptors com Neil Gaiman. Tamb\u00e9 Sigmund Freud va quedar impressionat pel relat de \u00abL&#8217;home de la sorra\u00bb i li va dedicar el fam\u00f3s assaig \u00abAll\u00f2 sinistre\u00bb, que incloem en ap\u00e8ndix. \u00abEls famosos relats i novel\u00b7les de Hoffmann s\u00f3n el prototip del perfeccionament del fons i la maduresa de la forma.\u00bb H. P. Lovecraft \u00abE.T.A. Hoffmann \u00e9s un mestre inigualable d?all\u00f2 sinistre en la literatura.\u00bb Sigmund Freud<\/p>\n","protected":false},"excerpt":{"rendered":"<p style=\"text-align: justify\">E. T. A. Hoffmann \u00e9s vist com un pioner, tant del Romanticisme com de la literatura fant\u00e0stica. Algunes de les seves creacions liter\u00e0ries m\u00e9s famoses s\u00f3n, indubtablement, els seus contes fant\u00e0stics. La inquietant hist\u00f2ria de \u00abL&#8217;home de la sorra\u00bb, que explica l&#8217;obsessi\u00f3 d&#8217;un jove amb aquesta figura sorgida dels terrors dels contes infantils, ha inspirat molts artistes al llarg dels anys, des de m\u00fasics com Jacques Offenbach fins a cineastes com David Lynch, passant per escriptors com Neil Gaiman. Tamb\u00e9 Sigmund Freud va quedar impressionat pel relat de \u00abL&#8217;home de la sorra\u00bb i li va dedicar el fam\u00f3s assaig \u00abAll\u00f2 sinistre\u00bb, que incloem en ap\u00e8ndix.<\/p>\n<p>\u00abEls famosos relats i novel\u00b7les de Hoffmann s\u00f3n el prototip del perfeccionament del fons i la maduresa de la forma.\u00bb<br \/>\nH. P. Lovecraft<\/p>\n<p>\u00abE.T.A. Hoffmann \u00e9s un mestre inigualable d&#8217;all\u00f2 sinistre en la literatura.\u00bb<br \/>\nSigmund Freud<\/p>\n","protected":false},"featured_media":12933,"template":"","meta":[],"product_brand":[],"product_cat":[296],"product_tag":[669,670,671,672,673],"autores":[450],"formatos":[355],"materias":[356,357],"class_list":{"0":"post-11828","1":"product","2":"type-product","3":"status-publish","4":"has-post-thumbnail","6":"product_cat-larca-ca","7":"product_tag-assaig-ca","8":"product_tag-freud-ca","9":"product_tag-hoffmann-ca","10":"product_tag-literatura-fantastica-ca","11":"product_tag-terror-ca","12":"autores-hoffmann-ernest-theodor-amadeus-ca","13":"formatos-llibre","14":"materias-cuentos-clasicos-de-generos-fantasticos-ca","15":"materias-terror-ca-ca","17":"first","18":"instock","19":"purchasable","20":"product-type-simple"},"yoast_head":"<!-- This site is optimized with the Yoast SEO plugin v27.5 - https:\/\/yoast.com\/product\/yoast-seo-wordpress\/ -->\n<title>L&#039;home de la sorra | Laertes ediciones<\/title>\n<meta name=\"description\" content=\"La inquietant hist\u00f2ria de \u00abL&#039;home de la sorra\u00bb, que explica l&#039;obsessi\u00f3 d&#039;un jove amb aquesta figura sorgida dels terrors dels contes infantils.\" \/>\n<meta name=\"robots\" content=\"index, follow, max-snippet:-1, max-image-preview:large, max-video-preview:-1\" \/>\n<link rel=\"canonical\" href=\"https:\/\/www.laertes.es\/ca\/llibre\/lhome-de-la-sorra\/\" \/>\n<meta property=\"og:locale\" content=\"ca_ES\" \/>\n<meta property=\"og:type\" content=\"article\" \/>\n<meta property=\"og:title\" content=\"L&#039;home de la sorra | Laertes ediciones\" \/>\n<meta property=\"og:description\" content=\"La inquietant hist\u00f2ria de \u00abL&#039;home de la sorra\u00bb, que explica l&#039;obsessi\u00f3 d&#039;un jove amb aquesta figura sorgida dels terrors dels contes infantils.\" \/>\n<meta property=\"og:url\" content=\"https:\/\/www.laertes.es\/ca\/llibre\/lhome-de-la-sorra\/\" \/>\n<meta property=\"og:site_name\" content=\"Laertes ediciones\" \/>\n<meta property=\"article:modified_time\" content=\"2023-05-06T04:30:44+00:00\" \/>\n<meta property=\"og:image\" content=\"https:\/\/www.laertes.es\/wp-content\/uploads\/2023\/01\/ARC103.webp\" \/>\n\t<meta property=\"og:image:width\" content=\"802\" \/>\n\t<meta property=\"og:image:height\" content=\"1200\" \/>\n\t<meta property=\"og:image:type\" content=\"image\/webp\" \/>\n<meta name=\"twitter:label1\" content=\"Temps estimat de lectura\" \/>\n\t<meta name=\"twitter:data1\" content=\"2 minuts\" \/>\n<script type=\"application\/ld+json\" class=\"yoast-schema-graph\">{\"@context\":\"https:\\\/\\\/schema.org\",\"@graph\":[{\"@type\":\"WebPage\",\"@id\":\"https:\\\/\\\/www.laertes.es\\\/ca\\\/llibre\\\/lhome-de-la-sorra\\\/\",\"url\":\"https:\\\/\\\/www.laertes.es\\\/ca\\\/llibre\\\/lhome-de-la-sorra\\\/\",\"name\":\"L'home de la sorra | Laertes ediciones\",\"isPartOf\":{\"@id\":\"https:\\\/\\\/www.laertes.es\\\/ca\\\/#website\"},\"primaryImageOfPage\":{\"@id\":\"https:\\\/\\\/www.laertes.es\\\/ca\\\/llibre\\\/lhome-de-la-sorra\\\/#primaryimage\"},\"image\":{\"@id\":\"https:\\\/\\\/www.laertes.es\\\/ca\\\/llibre\\\/lhome-de-la-sorra\\\/#primaryimage\"},\"thumbnailUrl\":\"https:\\\/\\\/www.laertes.es\\\/wp-content\\\/uploads\\\/2023\\\/01\\\/ARC103.webp\",\"datePublished\":\"2023-01-24T15:07:53+00:00\",\"dateModified\":\"2023-05-06T04:30:44+00:00\",\"description\":\"La inquietant hist\u00f2ria de \u00abL'home de la sorra\u00bb, que explica l'obsessi\u00f3 d'un jove amb aquesta figura sorgida dels terrors dels contes infantils.\",\"breadcrumb\":{\"@id\":\"https:\\\/\\\/www.laertes.es\\\/ca\\\/llibre\\\/lhome-de-la-sorra\\\/#breadcrumb\"},\"inLanguage\":\"ca\",\"potentialAction\":[{\"@type\":\"ReadAction\",\"target\":[\"https:\\\/\\\/www.laertes.es\\\/ca\\\/llibre\\\/lhome-de-la-sorra\\\/\"]}]},{\"@type\":\"ImageObject\",\"inLanguage\":\"ca\",\"@id\":\"https:\\\/\\\/www.laertes.es\\\/ca\\\/llibre\\\/lhome-de-la-sorra\\\/#primaryimage\",\"url\":\"https:\\\/\\\/www.laertes.es\\\/wp-content\\\/uploads\\\/2023\\\/01\\\/ARC103.webp\",\"contentUrl\":\"https:\\\/\\\/www.laertes.es\\\/wp-content\\\/uploads\\\/2023\\\/01\\\/ARC103.webp\",\"width\":802,\"height\":1200,\"caption\":\"L'home de la sorra\"},{\"@type\":\"BreadcrumbList\",\"@id\":\"https:\\\/\\\/www.laertes.es\\\/ca\\\/llibre\\\/lhome-de-la-sorra\\\/#breadcrumb\",\"itemListElement\":[{\"@type\":\"ListItem\",\"position\":1,\"name\":\"Portada\",\"item\":\"https:\\\/\\\/www.laertes.es\\\/ca\\\/\"},{\"@type\":\"ListItem\",\"position\":2,\"name\":\"Tienda\",\"item\":\"https:\\\/\\\/www.laertes.es\\\/tienda\\\/\"},{\"@type\":\"ListItem\",\"position\":3,\"name\":\"L&#8217;home de la sorra\"}]},{\"@type\":\"WebSite\",\"@id\":\"https:\\\/\\\/www.laertes.es\\\/ca\\\/#website\",\"url\":\"https:\\\/\\\/www.laertes.es\\\/ca\\\/\",\"name\":\"Laertes Ediciones\",\"description\":\"Editorial independiente desde 1975\",\"alternateName\":\"Laertes\",\"potentialAction\":[{\"@type\":\"SearchAction\",\"target\":{\"@type\":\"EntryPoint\",\"urlTemplate\":\"https:\\\/\\\/www.laertes.es\\\/ca\\\/?s={search_term_string}\"},\"query-input\":{\"@type\":\"PropertyValueSpecification\",\"valueRequired\":true,\"valueName\":\"search_term_string\"}}],\"inLanguage\":\"ca\"}]}<\/script>\n<!-- \/ Yoast SEO plugin. -->","yoast_head_json":{"title":"L'home de la sorra | Laertes ediciones","description":"La inquietant hist\u00f2ria de \u00abL'home de la sorra\u00bb, que explica l'obsessi\u00f3 d'un jove amb aquesta figura sorgida dels terrors dels contes infantils.","robots":{"index":"index","follow":"follow","max-snippet":"max-snippet:-1","max-image-preview":"max-image-preview:large","max-video-preview":"max-video-preview:-1"},"canonical":"https:\/\/www.laertes.es\/ca\/llibre\/lhome-de-la-sorra\/","og_locale":"ca_ES","og_type":"article","og_title":"L'home de la sorra | Laertes ediciones","og_description":"La inquietant hist\u00f2ria de \u00abL'home de la sorra\u00bb, que explica l'obsessi\u00f3 d'un jove amb aquesta figura sorgida dels terrors dels contes infantils.","og_url":"https:\/\/www.laertes.es\/ca\/llibre\/lhome-de-la-sorra\/","og_site_name":"Laertes ediciones","article_modified_time":"2023-05-06T04:30:44+00:00","og_image":[{"width":802,"height":1200,"url":"https:\/\/www.laertes.es\/wp-content\/uploads\/2023\/01\/ARC103.webp","type":"image\/webp"}],"twitter_misc":{"Temps estimat de lectura":"2 minuts"},"schema":{"@context":"https:\/\/schema.org","@graph":[{"@type":"WebPage","@id":"https:\/\/www.laertes.es\/ca\/llibre\/lhome-de-la-sorra\/","url":"https:\/\/www.laertes.es\/ca\/llibre\/lhome-de-la-sorra\/","name":"L'home de la sorra | Laertes ediciones","isPartOf":{"@id":"https:\/\/www.laertes.es\/ca\/#website"},"primaryImageOfPage":{"@id":"https:\/\/www.laertes.es\/ca\/llibre\/lhome-de-la-sorra\/#primaryimage"},"image":{"@id":"https:\/\/www.laertes.es\/ca\/llibre\/lhome-de-la-sorra\/#primaryimage"},"thumbnailUrl":"https:\/\/www.laertes.es\/wp-content\/uploads\/2023\/01\/ARC103.webp","datePublished":"2023-01-24T15:07:53+00:00","dateModified":"2023-05-06T04:30:44+00:00","description":"La inquietant hist\u00f2ria de \u00abL'home de la sorra\u00bb, que explica l'obsessi\u00f3 d'un jove amb aquesta figura sorgida dels terrors dels contes infantils.","breadcrumb":{"@id":"https:\/\/www.laertes.es\/ca\/llibre\/lhome-de-la-sorra\/#breadcrumb"},"inLanguage":"ca","potentialAction":[{"@type":"ReadAction","target":["https:\/\/www.laertes.es\/ca\/llibre\/lhome-de-la-sorra\/"]}]},{"@type":"ImageObject","inLanguage":"ca","@id":"https:\/\/www.laertes.es\/ca\/llibre\/lhome-de-la-sorra\/#primaryimage","url":"https:\/\/www.laertes.es\/wp-content\/uploads\/2023\/01\/ARC103.webp","contentUrl":"https:\/\/www.laertes.es\/wp-content\/uploads\/2023\/01\/ARC103.webp","width":802,"height":1200,"caption":"L'home de la sorra"},{"@type":"BreadcrumbList","@id":"https:\/\/www.laertes.es\/ca\/llibre\/lhome-de-la-sorra\/#breadcrumb","itemListElement":[{"@type":"ListItem","position":1,"name":"Portada","item":"https:\/\/www.laertes.es\/ca\/"},{"@type":"ListItem","position":2,"name":"Tienda","item":"https:\/\/www.laertes.es\/tienda\/"},{"@type":"ListItem","position":3,"name":"L&#8217;home de la sorra"}]},{"@type":"WebSite","@id":"https:\/\/www.laertes.es\/ca\/#website","url":"https:\/\/www.laertes.es\/ca\/","name":"Laertes Ediciones","description":"Editorial independiente desde 1975","alternateName":"Laertes","potentialAction":[{"@type":"SearchAction","target":{"@type":"EntryPoint","urlTemplate":"https:\/\/www.laertes.es\/ca\/?s={search_term_string}"},"query-input":{"@type":"PropertyValueSpecification","valueRequired":true,"valueName":"search_term_string"}}],"inLanguage":"ca"}]}},"_links":{"self":[{"href":"https:\/\/www.laertes.es\/ca\/wp-json\/wp\/v2\/product\/11828","targetHints":{"allow":["GET"]}}],"collection":[{"href":"https:\/\/www.laertes.es\/ca\/wp-json\/wp\/v2\/product"}],"about":[{"href":"https:\/\/www.laertes.es\/ca\/wp-json\/wp\/v2\/types\/product"}],"version-history":[{"count":2,"href":"https:\/\/www.laertes.es\/ca\/wp-json\/wp\/v2\/product\/11828\/revisions"}],"predecessor-version":[{"id":13383,"href":"https:\/\/www.laertes.es\/ca\/wp-json\/wp\/v2\/product\/11828\/revisions\/13383"}],"wp:featuredmedia":[{"embeddable":true,"href":"https:\/\/www.laertes.es\/ca\/wp-json\/wp\/v2\/media\/12933"}],"wp:attachment":[{"href":"https:\/\/www.laertes.es\/ca\/wp-json\/wp\/v2\/media?parent=11828"}],"wp:term":[{"taxonomy":"product_brand","embeddable":true,"href":"https:\/\/www.laertes.es\/ca\/wp-json\/wp\/v2\/product_brand?post=11828"},{"taxonomy":"product_cat","embeddable":true,"href":"https:\/\/www.laertes.es\/ca\/wp-json\/wp\/v2\/product_cat?post=11828"},{"taxonomy":"product_tag","embeddable":true,"href":"https:\/\/www.laertes.es\/ca\/wp-json\/wp\/v2\/product_tag?post=11828"},{"taxonomy":"autores","embeddable":true,"href":"https:\/\/www.laertes.es\/ca\/wp-json\/wp\/v2\/autores?post=11828"},{"taxonomy":"formatos","embeddable":true,"href":"https:\/\/www.laertes.es\/ca\/wp-json\/wp\/v2\/formatos?post=11828"},{"taxonomy":"materias","embeddable":true,"href":"https:\/\/www.laertes.es\/ca\/wp-json\/wp\/v2\/materias?post=11828"}],"curies":[{"name":"wp","href":"https:\/\/api.w.org\/{rel}","templated":true}]}}