{"id":11827,"date":"2023-01-24T15:07:53","date_gmt":"2023-01-24T15:07:53","guid":{"rendered":"https:\/libro\/la-dimensio-desconeguda\/"},"modified":"2023-05-06T07:04:36","modified_gmt":"2023-05-06T07:04:36","slug":"la-dimensio-desconeguda","status":"publish","type":"product","link":"https:\/\/www.laertes.es\/ca\/llibre\/la-dimensio-desconeguda\/","title":{"rendered":"La dimensi\u00f3 desconeguda"},"content":{"rendered":"<p>Aquest volum recull els relats de Richard Matheson en els quals es van basar sis cap\u00edtols de la s\u00e8rie de culte La dimensi\u00f3 desconeguda.<br \/>\n<strong>\u00a0\u00a0\u00a0<\/strong>Inquietants, impactants i sorprenents, en aquests contes hi podrem trobar capses que contenen ins\u00f2lits dilemes morals; caigudes fortu\u00eftes a la quarta dimensi\u00f3; ombres humanes sobre les ales d\u2019avions enlairats a vint mil peus; incendis, tel\u00e8pates i experiments educatius; astronautes a la recerca de nous planetes habitables o robots boxejadors comandats per perdedors que no llencen mai la tovallola&#8230;<br \/>\n<strong>\u00a0\u00a0\u00a0<\/strong>Matheson, autor d\u2019obres com Soc llegenda, L\u2019incre\u00efble home minvant, La casa infernal, o Duel \u2014que Spielgberg va dur a la pantalla sota el t\u00edtol El diable sobre rodes\u2014, ens endinsa als relats com si els estigu\u00e9ssim vivint en primera persona, combinant de manera magistral la quotidianitat i els fets paranormals.<br \/>\n<strong>\u00a0\u00a0\u00a0<\/strong>I \u00e9s que&#8230; \u00abVost\u00e8 encara no ho sap, per\u00f2 acaba d\u2019entrar a la dimensi\u00f3 desconeguda\u00bb.<\/p>\n<p>Aquest volum recull els relats de Richard Matheson en els quals es van basar sis cap\u00edtols de la s\u00e8rie de culte La dimensi\u00f3 desconeguda.<br \/>\n<strong>\u00a0\u00a0\u00a0<\/strong>Inquietants, impactants i sorprenents, en aquests contes hi podrem trobar capses que contenen ins\u00f2lits dilemes morals; caigudes fortu\u00eftes a la quarta dimensi\u00f3; ombres humanes sobre les ales d\u2019avions enlairats a vint mil peus; incendis, tel\u00e8pates i experiments educatius; astronautes a la recerca de nous planetes habitables o robots boxejadors comandats per perdedors que no llencen mai la tovallola&#8230;<br \/>\n<strong>\u00a0\u00a0\u00a0<\/strong>Matheson, autor d\u2019obres com Soc llegenda, L\u2019incre\u00efble home minvant, La casa infernal, o Duel \u2014que Spielgberg va dur a la pantalla sota el t\u00edtol El diable sobre rodes\u2014, ens endinsa als relats com si els estigu\u00e9ssim vivint en primera persona, combinant de manera magistral la quotidianitat i els fets paranormals.<br \/>\n<strong>\u00a0\u00a0\u00a0<\/strong>I \u00e9s que&#8230; \u00abVost\u00e8 encara no ho sap, per\u00f2 acaba d\u2019entrar a la dimensi\u00f3 desconeguda\u00bb. <strong>\u00a0\u00a0\u00a0<\/strong>I \u00e9s que&#8230; \u00abVost\u00e8 encara no ho sap, per\u00f2 acaba d\u2019entrar a la dimensi\u00f3 desconeguda\u00bb.<\/p>\n","protected":false},"excerpt":{"rendered":"<p>Aquest volum recull els relats de Richard Matheson en els quals es van basar sis cap\u00edtols de la s\u00e8rie de culte La dimensi\u00f3 desconeguda.<br \/>\nInquietants, impactants i sorprenents, en aquests contes hi podrem trobar capses que contenen ins\u00f2lits dilemes morals; caigudes fortu\u00eftes a la quarta dimensi\u00f3; ombres humanes sobre les ales d\u2019avions enlairats a vint mil peus; incendis, tel\u00e8pates i experiments educatius; astronautes a la recerca de nous planetes habitables o robots boxejadors comandats per perdedors que no llencen mai la tovallola&#8230;<br \/>\nMatheson, autor d\u2019obres com Soc llegenda, L\u2019incre\u00efble home minvant, La casa infernal, o Duel \u2014que Spielgberg va dur a la pantalla sota el t\u00edtol El diable sobre rodes\u2014, ens endinsa als relats com si els estigu\u00e9ssim vivint en primera persona, combinant de manera magistral la quotidianitat i els fets paranormals.<br \/>\nI \u00e9s que&#8230; \u00abVost\u00e8 encara no ho sap, per\u00f2 acaba d\u2019entrar a la dimensi\u00f3 desconeguda\u00bb.<\/p>\n<p>\u201cLa imaginaci\u00f3&#8230; els seus l\u00edmits<br \/>\ns\u00f3n nom\u00e9s els de la mateixa ment\u201d<br \/>\nRod Serling<\/p>\n","protected":false},"featured_media":12938,"template":"","meta":[],"product_brand":[],"product_cat":[296],"product_tag":[976,977,676,978,672,677,979,980,981],"autores":[405],"formatos":[355],"materias":[357],"class_list":{"0":"post-11827","1":"product","2":"type-product","3":"status-publish","4":"has-post-thumbnail","6":"product_cat-larca-ca","7":"product_tag-avio-ca","8":"product_tag-boto-ca","9":"product_tag-ciencia-ficcio-ca","10":"product_tag-educacio-ca","11":"product_tag-literatura-fantastica-ca","12":"product_tag-misteri-ca","13":"product_tag-mort-ca","14":"product_tag-robots-ca","15":"product_tag-viatges-dimensionals-ca","16":"autores-matheson-richard-ca","17":"formatos-llibre","18":"materias-terror-ca-ca","20":"first","21":"instock","22":"purchasable","23":"product-type-simple"},"yoast_head":"<!-- This site is optimized with the Yoast SEO plugin v27.4 - https:\/\/yoast.com\/product\/yoast-seo-wordpress\/ -->\n<title>La dimensi\u00f3 desconeguda | Laertes ediciones<\/title>\n<meta name=\"description\" content=\"Aquest volum recull els relats de Richard Matheson en els quals es van basar sis cap\u00edtols de la s\u00e8rie de culte La dimensi\u00f3 desconeguda.\" \/>\n<meta name=\"robots\" content=\"index, follow, max-snippet:-1, max-image-preview:large, max-video-preview:-1\" \/>\n<link rel=\"canonical\" href=\"https:\/\/www.laertes.es\/ca\/llibre\/la-dimensio-desconeguda\/\" \/>\n<meta property=\"og:locale\" content=\"ca_ES\" \/>\n<meta property=\"og:type\" content=\"article\" \/>\n<meta property=\"og:title\" content=\"La dimensi\u00f3 desconeguda | Laertes ediciones\" \/>\n<meta property=\"og:description\" content=\"Aquest volum recull els relats de Richard Matheson en els quals es van basar sis cap\u00edtols de la s\u00e8rie de culte La dimensi\u00f3 desconeguda.\" \/>\n<meta property=\"og:url\" content=\"https:\/\/www.laertes.es\/ca\/llibre\/la-dimensio-desconeguda\/\" \/>\n<meta property=\"og:site_name\" content=\"Laertes ediciones\" \/>\n<meta property=\"article:modified_time\" content=\"2023-05-06T07:04:36+00:00\" \/>\n<meta property=\"og:image\" content=\"https:\/\/www.laertes.es\/wp-content\/uploads\/2023\/01\/ARC108.webp\" \/>\n\t<meta property=\"og:image:width\" content=\"802\" \/>\n\t<meta property=\"og:image:height\" content=\"1200\" \/>\n\t<meta property=\"og:image:type\" content=\"image\/webp\" \/>\n<meta name=\"twitter:label1\" content=\"Temps estimat de lectura\" \/>\n\t<meta name=\"twitter:data1\" content=\"2 minuts\" \/>\n<script type=\"application\/ld+json\" class=\"yoast-schema-graph\">{\"@context\":\"https:\\\/\\\/schema.org\",\"@graph\":[{\"@type\":\"WebPage\",\"@id\":\"https:\\\/\\\/www.laertes.es\\\/ca\\\/llibre\\\/la-dimensio-desconeguda\\\/\",\"url\":\"https:\\\/\\\/www.laertes.es\\\/ca\\\/llibre\\\/la-dimensio-desconeguda\\\/\",\"name\":\"La dimensi\u00f3 desconeguda | Laertes ediciones\",\"isPartOf\":{\"@id\":\"https:\\\/\\\/www.laertes.es\\\/ca\\\/#website\"},\"primaryImageOfPage\":{\"@id\":\"https:\\\/\\\/www.laertes.es\\\/ca\\\/llibre\\\/la-dimensio-desconeguda\\\/#primaryimage\"},\"image\":{\"@id\":\"https:\\\/\\\/www.laertes.es\\\/ca\\\/llibre\\\/la-dimensio-desconeguda\\\/#primaryimage\"},\"thumbnailUrl\":\"https:\\\/\\\/www.laertes.es\\\/wp-content\\\/uploads\\\/2023\\\/01\\\/ARC108.webp\",\"datePublished\":\"2023-01-24T15:07:53+00:00\",\"dateModified\":\"2023-05-06T07:04:36+00:00\",\"description\":\"Aquest volum recull els relats de Richard Matheson en els quals es van basar sis cap\u00edtols de la s\u00e8rie de culte La dimensi\u00f3 desconeguda.\",\"breadcrumb\":{\"@id\":\"https:\\\/\\\/www.laertes.es\\\/ca\\\/llibre\\\/la-dimensio-desconeguda\\\/#breadcrumb\"},\"inLanguage\":\"ca\",\"potentialAction\":[{\"@type\":\"ReadAction\",\"target\":[\"https:\\\/\\\/www.laertes.es\\\/ca\\\/llibre\\\/la-dimensio-desconeguda\\\/\"]}]},{\"@type\":\"ImageObject\",\"inLanguage\":\"ca\",\"@id\":\"https:\\\/\\\/www.laertes.es\\\/ca\\\/llibre\\\/la-dimensio-desconeguda\\\/#primaryimage\",\"url\":\"https:\\\/\\\/www.laertes.es\\\/wp-content\\\/uploads\\\/2023\\\/01\\\/ARC108.webp\",\"contentUrl\":\"https:\\\/\\\/www.laertes.es\\\/wp-content\\\/uploads\\\/2023\\\/01\\\/ARC108.webp\",\"width\":802,\"height\":1200,\"caption\":\"La dimensi\u00f3 desconeguda\"},{\"@type\":\"BreadcrumbList\",\"@id\":\"https:\\\/\\\/www.laertes.es\\\/ca\\\/llibre\\\/la-dimensio-desconeguda\\\/#breadcrumb\",\"itemListElement\":[{\"@type\":\"ListItem\",\"position\":1,\"name\":\"Portada\",\"item\":\"https:\\\/\\\/www.laertes.es\\\/ca\\\/\"},{\"@type\":\"ListItem\",\"position\":2,\"name\":\"Tienda\",\"item\":\"https:\\\/\\\/www.laertes.es\\\/tienda\\\/\"},{\"@type\":\"ListItem\",\"position\":3,\"name\":\"La dimensi\u00f3 desconeguda\"}]},{\"@type\":\"WebSite\",\"@id\":\"https:\\\/\\\/www.laertes.es\\\/ca\\\/#website\",\"url\":\"https:\\\/\\\/www.laertes.es\\\/ca\\\/\",\"name\":\"Laertes Ediciones\",\"description\":\"Editorial independiente desde 1975\",\"alternateName\":\"Laertes\",\"potentialAction\":[{\"@type\":\"SearchAction\",\"target\":{\"@type\":\"EntryPoint\",\"urlTemplate\":\"https:\\\/\\\/www.laertes.es\\\/ca\\\/?s={search_term_string}\"},\"query-input\":{\"@type\":\"PropertyValueSpecification\",\"valueRequired\":true,\"valueName\":\"search_term_string\"}}],\"inLanguage\":\"ca\"}]}<\/script>\n<!-- \/ Yoast SEO plugin. -->","yoast_head_json":{"title":"La dimensi\u00f3 desconeguda | Laertes ediciones","description":"Aquest volum recull els relats de Richard Matheson en els quals es van basar sis cap\u00edtols de la s\u00e8rie de culte La dimensi\u00f3 desconeguda.","robots":{"index":"index","follow":"follow","max-snippet":"max-snippet:-1","max-image-preview":"max-image-preview:large","max-video-preview":"max-video-preview:-1"},"canonical":"https:\/\/www.laertes.es\/ca\/llibre\/la-dimensio-desconeguda\/","og_locale":"ca_ES","og_type":"article","og_title":"La dimensi\u00f3 desconeguda | Laertes ediciones","og_description":"Aquest volum recull els relats de Richard Matheson en els quals es van basar sis cap\u00edtols de la s\u00e8rie de culte La dimensi\u00f3 desconeguda.","og_url":"https:\/\/www.laertes.es\/ca\/llibre\/la-dimensio-desconeguda\/","og_site_name":"Laertes ediciones","article_modified_time":"2023-05-06T07:04:36+00:00","og_image":[{"width":802,"height":1200,"url":"https:\/\/www.laertes.es\/wp-content\/uploads\/2023\/01\/ARC108.webp","type":"image\/webp"}],"twitter_misc":{"Temps estimat de lectura":"2 minuts"},"schema":{"@context":"https:\/\/schema.org","@graph":[{"@type":"WebPage","@id":"https:\/\/www.laertes.es\/ca\/llibre\/la-dimensio-desconeguda\/","url":"https:\/\/www.laertes.es\/ca\/llibre\/la-dimensio-desconeguda\/","name":"La dimensi\u00f3 desconeguda | Laertes ediciones","isPartOf":{"@id":"https:\/\/www.laertes.es\/ca\/#website"},"primaryImageOfPage":{"@id":"https:\/\/www.laertes.es\/ca\/llibre\/la-dimensio-desconeguda\/#primaryimage"},"image":{"@id":"https:\/\/www.laertes.es\/ca\/llibre\/la-dimensio-desconeguda\/#primaryimage"},"thumbnailUrl":"https:\/\/www.laertes.es\/wp-content\/uploads\/2023\/01\/ARC108.webp","datePublished":"2023-01-24T15:07:53+00:00","dateModified":"2023-05-06T07:04:36+00:00","description":"Aquest volum recull els relats de Richard Matheson en els quals es van basar sis cap\u00edtols de la s\u00e8rie de culte La dimensi\u00f3 desconeguda.","breadcrumb":{"@id":"https:\/\/www.laertes.es\/ca\/llibre\/la-dimensio-desconeguda\/#breadcrumb"},"inLanguage":"ca","potentialAction":[{"@type":"ReadAction","target":["https:\/\/www.laertes.es\/ca\/llibre\/la-dimensio-desconeguda\/"]}]},{"@type":"ImageObject","inLanguage":"ca","@id":"https:\/\/www.laertes.es\/ca\/llibre\/la-dimensio-desconeguda\/#primaryimage","url":"https:\/\/www.laertes.es\/wp-content\/uploads\/2023\/01\/ARC108.webp","contentUrl":"https:\/\/www.laertes.es\/wp-content\/uploads\/2023\/01\/ARC108.webp","width":802,"height":1200,"caption":"La dimensi\u00f3 desconeguda"},{"@type":"BreadcrumbList","@id":"https:\/\/www.laertes.es\/ca\/llibre\/la-dimensio-desconeguda\/#breadcrumb","itemListElement":[{"@type":"ListItem","position":1,"name":"Portada","item":"https:\/\/www.laertes.es\/ca\/"},{"@type":"ListItem","position":2,"name":"Tienda","item":"https:\/\/www.laertes.es\/tienda\/"},{"@type":"ListItem","position":3,"name":"La dimensi\u00f3 desconeguda"}]},{"@type":"WebSite","@id":"https:\/\/www.laertes.es\/ca\/#website","url":"https:\/\/www.laertes.es\/ca\/","name":"Laertes Ediciones","description":"Editorial independiente desde 1975","alternateName":"Laertes","potentialAction":[{"@type":"SearchAction","target":{"@type":"EntryPoint","urlTemplate":"https:\/\/www.laertes.es\/ca\/?s={search_term_string}"},"query-input":{"@type":"PropertyValueSpecification","valueRequired":true,"valueName":"search_term_string"}}],"inLanguage":"ca"}]}},"_links":{"self":[{"href":"https:\/\/www.laertes.es\/ca\/wp-json\/wp\/v2\/product\/11827","targetHints":{"allow":["GET"]}}],"collection":[{"href":"https:\/\/www.laertes.es\/ca\/wp-json\/wp\/v2\/product"}],"about":[{"href":"https:\/\/www.laertes.es\/ca\/wp-json\/wp\/v2\/types\/product"}],"version-history":[{"count":2,"href":"https:\/\/www.laertes.es\/ca\/wp-json\/wp\/v2\/product\/11827\/revisions"}],"predecessor-version":[{"id":13365,"href":"https:\/\/www.laertes.es\/ca\/wp-json\/wp\/v2\/product\/11827\/revisions\/13365"}],"wp:featuredmedia":[{"embeddable":true,"href":"https:\/\/www.laertes.es\/ca\/wp-json\/wp\/v2\/media\/12938"}],"wp:attachment":[{"href":"https:\/\/www.laertes.es\/ca\/wp-json\/wp\/v2\/media?parent=11827"}],"wp:term":[{"taxonomy":"product_brand","embeddable":true,"href":"https:\/\/www.laertes.es\/ca\/wp-json\/wp\/v2\/product_brand?post=11827"},{"taxonomy":"product_cat","embeddable":true,"href":"https:\/\/www.laertes.es\/ca\/wp-json\/wp\/v2\/product_cat?post=11827"},{"taxonomy":"product_tag","embeddable":true,"href":"https:\/\/www.laertes.es\/ca\/wp-json\/wp\/v2\/product_tag?post=11827"},{"taxonomy":"autores","embeddable":true,"href":"https:\/\/www.laertes.es\/ca\/wp-json\/wp\/v2\/autores?post=11827"},{"taxonomy":"formatos","embeddable":true,"href":"https:\/\/www.laertes.es\/ca\/wp-json\/wp\/v2\/formatos?post=11827"},{"taxonomy":"materias","embeddable":true,"href":"https:\/\/www.laertes.es\/ca\/wp-json\/wp\/v2\/materias?post=11827"}],"curies":[{"name":"wp","href":"https:\/\/api.w.org\/{rel}","templated":true}]}}