{"id":11826,"date":"2023-01-24T15:07:53","date_gmt":"2023-01-24T15:07:53","guid":{"rendered":"https:\/libro\/el-castell-dotranto\/"},"modified":"2023-05-06T04:17:20","modified_gmt":"2023-05-06T04:17:20","slug":"el-castell-dotranto","status":"publish","type":"product","link":"https:\/\/www.laertes.es\/ca\/llibre\/el-castell-dotranto\/","title":{"rendered":"El castell d&#8217;\u00d2tranto"},"content":{"rendered":"<p><em>El castell d&#8217;\u00d2tranto<\/em>, narra la hist\u00f2ria del tir\u00e0 Manfred, l&#8217;estirp arrossega una maledicci\u00f3 des que el seu avi usurp\u00e0 el castell als seus leg\u00edtims posse\u00efdors. Manfred tracta de perpetuar la seva her\u00e8ncia casant al seu feble fill Conrad amb la princesa Isabella, per\u00f2 poc abans del casament, un accident fatal, d&#8217;origen aparentment m\u00e0gic, frustra els seus designis. A partir d&#8217;aquest succ\u00e9s, es desencadenaran una s\u00e8rie de misteriosos fen\u00f2mens sobrenaturals i passions enceses que tindran com a escenari l&#8217;asfixiant i sinistre decorat del castell, un dels principals personatges del relat: portes estridents, passadissos foscos i criptes secretes fan la seva aparici\u00f3 per primera vegada. Havia nascut la literatura de terror.<\/p>\n<p><em>El castell d&#8217;\u00d2tranto<\/em>, narra la hist\u00f2ria del tir\u00e0 Manfred, l&#8217;estirp arrossega una maledicci\u00f3 des que el seu avi usurp\u00e0 el castell als seus leg\u00edtims posse\u00efdors. Manfred tracta de perpetuar la seva her\u00e8ncia casant al seu feble fill Conrad amb la princesa Isabella, per\u00f2 poc abans del casament, un accident fatal, d&#8217;origen aparentment m\u00e0gic, frustra els seus designis. A partir d&#8217;aquest succ\u00e9s, es desencadenaran una s\u00e8rie de misteriosos fen\u00f2mens sobrenaturals i passions enceses que tindran com a escenari l&#8217;asfixiant i sinistre decorat del castell, un dels principals personatges del relat: portes estridents, passadissos foscos i criptes secretes fan la seva aparici\u00f3 per primera vegada. Havia nascut la literatura de terror.<\/p>\n<p><em>El castell d&#8217;\u00d2tranto<\/em>, narra la hist\u00f2ria del tir\u00e0 Manfred, l&#8217;estirp arrossega una maledicci\u00f3 des que el seu avi usurp\u00e0 el castell als seus leg\u00edtims posse\u00efdors. Manfred tracta de perpetuar la seva her\u00e8ncia casant al seu feble fill Conrad amb la princesa Isabella, per\u00f2 poc abans del casament, un accident fatal, d&#8217;origen aparentment m\u00e0gic, frustra els seus designis. A partir d&#8217;aquest succ\u00e9s, es desencadenaran una s\u00e8rie de misteriosos fen\u00f2mens sobrenaturals i passions enceses que tindran com a escenari l&#8217;asfixiant i sinistre decorat del castell, un dels principals personatges del relat: portes estridents, passadissos foscos i criptes secretes fan la seva aparici\u00f3 per primera vegada. Havia nascut la literatura de terror.<\/p>\n","protected":false},"excerpt":{"rendered":"<p>El castell d&#8217;\u00d2tranto, narra la hist\u00f2ria del tir\u00e0 Manfred, l&#8217;estirp arrossega una maledicci\u00f3 des que el seu avi usurp\u00e0 el castell als seus leg\u00edtims posse\u00efdors. Manfred tracta de perpetuar la seva her\u00e8ncia casant al seu feble fill Conrad amb la princesa Isabella, per\u00f2 poc abans del casament, un accident fatal, d&#8217;origen aparentment m\u00e0gic, frustra els seus designis. A partir d&#8217;aquest succ\u00e9s, es desencadenaran una s\u00e8rie de misteriosos fen\u00f2mens sobrenaturals i passions enceses que tindran com a escenari l&#8217;asfixiant i sinistre decorat del castell, un dels principals personatges del relat: portes estridents, passadissos foscos i criptes secretes fan la seva aparici\u00f3 per primera vegada. Havia nascut la literatura de terror.<\/p>\n","protected":false},"featured_media":12973,"template":"","meta":[],"product_brand":[],"product_cat":[296],"product_tag":[672,985,677,673],"autores":[448],"formatos":[355],"materias":[356],"class_list":{"0":"post-11826","1":"product","2":"type-product","3":"status-publish","4":"has-post-thumbnail","6":"product_cat-larca-ca","7":"product_tag-literatura-fantastica-ca","8":"product_tag-literatura-sobrenatural-ca","9":"product_tag-misteri-ca","10":"product_tag-terror-ca","11":"autores-walpole-horace-ca","12":"formatos-llibre","13":"materias-cuentos-clasicos-de-generos-fantasticos-ca","15":"first","16":"instock","17":"purchasable","18":"product-type-simple"},"yoast_head":"<!-- This site is optimized with the Yoast SEO plugin v27.4 - https:\/\/yoast.com\/product\/yoast-seo-wordpress\/ -->\n<title>El castell d&#039;\u00d2tranto | Laertes ediciones<\/title>\n<meta name=\"description\" content=\"El castell d&#039;\u00d2tranto narra la hist\u00f2ria del tir\u00e0 Manfred, l&#039;estirp arrossega una maledicci\u00f3 des que el seu avi usurp\u00e0 el castell als seus posse\u00efdors.\" \/>\n<meta name=\"robots\" content=\"index, follow, max-snippet:-1, max-image-preview:large, max-video-preview:-1\" \/>\n<link rel=\"canonical\" href=\"https:\/\/www.laertes.es\/ca\/llibre\/el-castell-dotranto\/\" \/>\n<meta property=\"og:locale\" content=\"ca_ES\" \/>\n<meta property=\"og:type\" content=\"article\" \/>\n<meta property=\"og:title\" content=\"El castell d&#039;\u00d2tranto | Laertes ediciones\" \/>\n<meta property=\"og:description\" content=\"El castell d&#039;\u00d2tranto narra la hist\u00f2ria del tir\u00e0 Manfred, l&#039;estirp arrossega una maledicci\u00f3 des que el seu avi usurp\u00e0 el castell als seus posse\u00efdors.\" \/>\n<meta property=\"og:url\" content=\"https:\/\/www.laertes.es\/ca\/llibre\/el-castell-dotranto\/\" \/>\n<meta property=\"og:site_name\" content=\"Laertes ediciones\" \/>\n<meta property=\"article:modified_time\" content=\"2023-05-06T04:17:20+00:00\" \/>\n<meta property=\"og:image\" content=\"https:\/\/www.laertes.es\/wp-content\/uploads\/2023\/01\/ARC099.webp\" \/>\n\t<meta property=\"og:image:width\" content=\"802\" \/>\n\t<meta property=\"og:image:height\" content=\"1200\" \/>\n\t<meta property=\"og:image:type\" content=\"image\/webp\" \/>\n<meta name=\"twitter:label1\" content=\"Temps estimat de lectura\" \/>\n\t<meta name=\"twitter:data1\" content=\"2 minuts\" \/>\n<script type=\"application\/ld+json\" class=\"yoast-schema-graph\">{\"@context\":\"https:\\\/\\\/schema.org\",\"@graph\":[{\"@type\":\"WebPage\",\"@id\":\"https:\\\/\\\/www.laertes.es\\\/ca\\\/llibre\\\/el-castell-dotranto\\\/\",\"url\":\"https:\\\/\\\/www.laertes.es\\\/ca\\\/llibre\\\/el-castell-dotranto\\\/\",\"name\":\"El castell d'\u00d2tranto | Laertes ediciones\",\"isPartOf\":{\"@id\":\"https:\\\/\\\/www.laertes.es\\\/ca\\\/#website\"},\"primaryImageOfPage\":{\"@id\":\"https:\\\/\\\/www.laertes.es\\\/ca\\\/llibre\\\/el-castell-dotranto\\\/#primaryimage\"},\"image\":{\"@id\":\"https:\\\/\\\/www.laertes.es\\\/ca\\\/llibre\\\/el-castell-dotranto\\\/#primaryimage\"},\"thumbnailUrl\":\"https:\\\/\\\/www.laertes.es\\\/wp-content\\\/uploads\\\/2023\\\/01\\\/ARC099.webp\",\"datePublished\":\"2023-01-24T15:07:53+00:00\",\"dateModified\":\"2023-05-06T04:17:20+00:00\",\"description\":\"El castell d'\u00d2tranto narra la hist\u00f2ria del tir\u00e0 Manfred, l'estirp arrossega una maledicci\u00f3 des que el seu avi usurp\u00e0 el castell als seus posse\u00efdors.\",\"breadcrumb\":{\"@id\":\"https:\\\/\\\/www.laertes.es\\\/ca\\\/llibre\\\/el-castell-dotranto\\\/#breadcrumb\"},\"inLanguage\":\"ca\",\"potentialAction\":[{\"@type\":\"ReadAction\",\"target\":[\"https:\\\/\\\/www.laertes.es\\\/ca\\\/llibre\\\/el-castell-dotranto\\\/\"]}]},{\"@type\":\"ImageObject\",\"inLanguage\":\"ca\",\"@id\":\"https:\\\/\\\/www.laertes.es\\\/ca\\\/llibre\\\/el-castell-dotranto\\\/#primaryimage\",\"url\":\"https:\\\/\\\/www.laertes.es\\\/wp-content\\\/uploads\\\/2023\\\/01\\\/ARC099.webp\",\"contentUrl\":\"https:\\\/\\\/www.laertes.es\\\/wp-content\\\/uploads\\\/2023\\\/01\\\/ARC099.webp\",\"width\":802,\"height\":1200,\"caption\":\"El castell d'\u00d2tranto\"},{\"@type\":\"BreadcrumbList\",\"@id\":\"https:\\\/\\\/www.laertes.es\\\/ca\\\/llibre\\\/el-castell-dotranto\\\/#breadcrumb\",\"itemListElement\":[{\"@type\":\"ListItem\",\"position\":1,\"name\":\"Portada\",\"item\":\"https:\\\/\\\/www.laertes.es\\\/ca\\\/\"},{\"@type\":\"ListItem\",\"position\":2,\"name\":\"Tienda\",\"item\":\"https:\\\/\\\/www.laertes.es\\\/tienda\\\/\"},{\"@type\":\"ListItem\",\"position\":3,\"name\":\"El castell d&#8217;\u00d2tranto\"}]},{\"@type\":\"WebSite\",\"@id\":\"https:\\\/\\\/www.laertes.es\\\/ca\\\/#website\",\"url\":\"https:\\\/\\\/www.laertes.es\\\/ca\\\/\",\"name\":\"Laertes Ediciones\",\"description\":\"Editorial independiente desde 1975\",\"alternateName\":\"Laertes\",\"potentialAction\":[{\"@type\":\"SearchAction\",\"target\":{\"@type\":\"EntryPoint\",\"urlTemplate\":\"https:\\\/\\\/www.laertes.es\\\/ca\\\/?s={search_term_string}\"},\"query-input\":{\"@type\":\"PropertyValueSpecification\",\"valueRequired\":true,\"valueName\":\"search_term_string\"}}],\"inLanguage\":\"ca\"}]}<\/script>\n<!-- \/ Yoast SEO plugin. -->","yoast_head_json":{"title":"El castell d'\u00d2tranto | Laertes ediciones","description":"El castell d'\u00d2tranto narra la hist\u00f2ria del tir\u00e0 Manfred, l'estirp arrossega una maledicci\u00f3 des que el seu avi usurp\u00e0 el castell als seus posse\u00efdors.","robots":{"index":"index","follow":"follow","max-snippet":"max-snippet:-1","max-image-preview":"max-image-preview:large","max-video-preview":"max-video-preview:-1"},"canonical":"https:\/\/www.laertes.es\/ca\/llibre\/el-castell-dotranto\/","og_locale":"ca_ES","og_type":"article","og_title":"El castell d'\u00d2tranto | Laertes ediciones","og_description":"El castell d'\u00d2tranto narra la hist\u00f2ria del tir\u00e0 Manfred, l'estirp arrossega una maledicci\u00f3 des que el seu avi usurp\u00e0 el castell als seus posse\u00efdors.","og_url":"https:\/\/www.laertes.es\/ca\/llibre\/el-castell-dotranto\/","og_site_name":"Laertes ediciones","article_modified_time":"2023-05-06T04:17:20+00:00","og_image":[{"width":802,"height":1200,"url":"https:\/\/www.laertes.es\/wp-content\/uploads\/2023\/01\/ARC099.webp","type":"image\/webp"}],"twitter_misc":{"Temps estimat de lectura":"2 minuts"},"schema":{"@context":"https:\/\/schema.org","@graph":[{"@type":"WebPage","@id":"https:\/\/www.laertes.es\/ca\/llibre\/el-castell-dotranto\/","url":"https:\/\/www.laertes.es\/ca\/llibre\/el-castell-dotranto\/","name":"El castell d'\u00d2tranto | Laertes ediciones","isPartOf":{"@id":"https:\/\/www.laertes.es\/ca\/#website"},"primaryImageOfPage":{"@id":"https:\/\/www.laertes.es\/ca\/llibre\/el-castell-dotranto\/#primaryimage"},"image":{"@id":"https:\/\/www.laertes.es\/ca\/llibre\/el-castell-dotranto\/#primaryimage"},"thumbnailUrl":"https:\/\/www.laertes.es\/wp-content\/uploads\/2023\/01\/ARC099.webp","datePublished":"2023-01-24T15:07:53+00:00","dateModified":"2023-05-06T04:17:20+00:00","description":"El castell d'\u00d2tranto narra la hist\u00f2ria del tir\u00e0 Manfred, l'estirp arrossega una maledicci\u00f3 des que el seu avi usurp\u00e0 el castell als seus posse\u00efdors.","breadcrumb":{"@id":"https:\/\/www.laertes.es\/ca\/llibre\/el-castell-dotranto\/#breadcrumb"},"inLanguage":"ca","potentialAction":[{"@type":"ReadAction","target":["https:\/\/www.laertes.es\/ca\/llibre\/el-castell-dotranto\/"]}]},{"@type":"ImageObject","inLanguage":"ca","@id":"https:\/\/www.laertes.es\/ca\/llibre\/el-castell-dotranto\/#primaryimage","url":"https:\/\/www.laertes.es\/wp-content\/uploads\/2023\/01\/ARC099.webp","contentUrl":"https:\/\/www.laertes.es\/wp-content\/uploads\/2023\/01\/ARC099.webp","width":802,"height":1200,"caption":"El castell d'\u00d2tranto"},{"@type":"BreadcrumbList","@id":"https:\/\/www.laertes.es\/ca\/llibre\/el-castell-dotranto\/#breadcrumb","itemListElement":[{"@type":"ListItem","position":1,"name":"Portada","item":"https:\/\/www.laertes.es\/ca\/"},{"@type":"ListItem","position":2,"name":"Tienda","item":"https:\/\/www.laertes.es\/tienda\/"},{"@type":"ListItem","position":3,"name":"El castell d&#8217;\u00d2tranto"}]},{"@type":"WebSite","@id":"https:\/\/www.laertes.es\/ca\/#website","url":"https:\/\/www.laertes.es\/ca\/","name":"Laertes Ediciones","description":"Editorial independiente desde 1975","alternateName":"Laertes","potentialAction":[{"@type":"SearchAction","target":{"@type":"EntryPoint","urlTemplate":"https:\/\/www.laertes.es\/ca\/?s={search_term_string}"},"query-input":{"@type":"PropertyValueSpecification","valueRequired":true,"valueName":"search_term_string"}}],"inLanguage":"ca"}]}},"_links":{"self":[{"href":"https:\/\/www.laertes.es\/ca\/wp-json\/wp\/v2\/product\/11826","targetHints":{"allow":["GET"]}}],"collection":[{"href":"https:\/\/www.laertes.es\/ca\/wp-json\/wp\/v2\/product"}],"about":[{"href":"https:\/\/www.laertes.es\/ca\/wp-json\/wp\/v2\/types\/product"}],"version-history":[{"count":2,"href":"https:\/\/www.laertes.es\/ca\/wp-json\/wp\/v2\/product\/11826\/revisions"}],"predecessor-version":[{"id":13381,"href":"https:\/\/www.laertes.es\/ca\/wp-json\/wp\/v2\/product\/11826\/revisions\/13381"}],"wp:featuredmedia":[{"embeddable":true,"href":"https:\/\/www.laertes.es\/ca\/wp-json\/wp\/v2\/media\/12973"}],"wp:attachment":[{"href":"https:\/\/www.laertes.es\/ca\/wp-json\/wp\/v2\/media?parent=11826"}],"wp:term":[{"taxonomy":"product_brand","embeddable":true,"href":"https:\/\/www.laertes.es\/ca\/wp-json\/wp\/v2\/product_brand?post=11826"},{"taxonomy":"product_cat","embeddable":true,"href":"https:\/\/www.laertes.es\/ca\/wp-json\/wp\/v2\/product_cat?post=11826"},{"taxonomy":"product_tag","embeddable":true,"href":"https:\/\/www.laertes.es\/ca\/wp-json\/wp\/v2\/product_tag?post=11826"},{"taxonomy":"autores","embeddable":true,"href":"https:\/\/www.laertes.es\/ca\/wp-json\/wp\/v2\/autores?post=11826"},{"taxonomy":"formatos","embeddable":true,"href":"https:\/\/www.laertes.es\/ca\/wp-json\/wp\/v2\/formatos?post=11826"},{"taxonomy":"materias","embeddable":true,"href":"https:\/\/www.laertes.es\/ca\/wp-json\/wp\/v2\/materias?post=11826"}],"curies":[{"name":"wp","href":"https:\/\/api.w.org\/{rel}","templated":true}]}}