{"id":11822,"date":"2023-01-24T15:07:53","date_gmt":"2023-01-24T15:07:53","guid":{"rendered":"https:\/libro\/la-casa-i-el-cervell\/"},"modified":"2023-05-06T04:11:41","modified_gmt":"2023-05-06T04:11:41","slug":"la-casa-i-el-cervell","status":"publish","type":"product","link":"https:\/\/www.laertes.es\/ca\/llibre\/la-casa-i-el-cervell\/","title":{"rendered":"La casa i el cervell"},"content":{"rendered":"<p style=\"text-align: justify\"><em>La casa i el cervell<\/em> (1859) \u00e9s una obra mestra de la literatura sobrenatural. En aquesta novel\u00b7la breu sobre una casa encantada, Edward Bulwer-Lytton desplega totes les seves habilitats per escriure una angoixant <em>ghost tale<\/em> en qu\u00e8 el narrador, sense fer cas als consells dels seus, decideix passar una nit, amb l&#8217;\u00fanica companyia del seu criat i el seu gos, en una casa encantada londinenca. All\u00e0, ser\u00e0 testimoni de tot un reguitzell d&#8217;aparicions sobrenaturals vinculades amb uns terribles crims que van tenir lloc molts anys enrere. El secret de tot aquest malson podria amagar-se en una cambra buida&#8230;<\/p>\n<p style=\"text-align: center\">\u00abUn dels millors contes de cases encantades mai escrits.\u00bb<br \/>\nH.P. Lovecraft<\/p>\n<p style=\"text-align: center\">\u00abLa millor hist\u00f2ria de fantasmes en llengua anglesa.\u00bb<br \/>\nLafcadio Hearn<\/p>\n<p style=\"text-align: justify\"><em>La casa i el cervell<\/em> (1859) \u00e9s una obra mestra de la literatura sobrenatural. En aquesta novel\u00b7la breu sobre una casa encantada, Edward Bulwer-Lytton desplega totes les seves habilitats per escriure una angoixant <em>ghost tale<\/em> en qu\u00e8 el narrador, sense fer cas als consells dels seus, decideix passar una nit, amb l&#8217;\u00fanica companyia del seu criat i el seu gos, en una casa encantada londinenca. All\u00e0, ser\u00e0 testimoni de tot un reguitzell d&#8217;aparicions sobrenaturals vinculades amb uns terribles crims que van tenir lloc molts anys enrere. El secret de tot aquest malson podria amagar-se en una cambra buida&#8230;<\/p>\n<p style=\"text-align: center\">\u00abUn dels millors contes de cases encantades mai escrits.\u00bb<br \/>\nH.P. Lovecraft<\/p>\n<p style=\"text-align: center\">\u00abLa millor hist\u00f2ria de fantasmes en llengua anglesa.\u00bb<br \/>\nLafcadio Hearn<\/p>\n<p style=\"text-align: justify\"><em>La casa i el cervell<\/em> (1859) \u00e9s una obra mestra de la literatura sobrenatural. En aquesta novel\u00b7la breu sobre una casa encantada, Edward Bulwer-Lytton desplega totes les seves habilitats per escriure una angoixant <em>ghost tale<\/em> en qu\u00e8 el narrador, sense fer cas als consells dels seus, decideix passar una nit, amb l&#8217;\u00fanica companyia del seu criat i el seu gos, en una casa encantada londinenca. All\u00e0, ser\u00e0 testimoni de tot un reguitzell d&#8217;aparicions sobrenaturals vinculades amb uns terribles crims que van tenir lloc molts anys enrere. El secret de tot aquest malson podria amagar-se en una cambra buida&#8230;<\/p>\n<p style=\"text-align: center\">\u00abUn dels millors contes de cases encantades mai escrits.\u00bb<br \/>\nH.P. Lovecraft<\/p>\n<p style=\"text-align: center\">\u00abLa millor hist\u00f2ria de fantasmes en llengua anglesa.\u00bb<br \/>\nLafcadio Hearn<\/p>\n","protected":false},"excerpt":{"rendered":"<p>La casa i el cervell (1859) \u00e9s una obra mestra de la literatura sobrenatural. En aquesta novel\u00b7la breu sobre una casa encantada, Edward Bulwer-Lytton desplega totes les seves habilitats per escriure una angoixant ghost tale en qu\u00e8 el narrador, sense fer cas als consells dels seus, decideix passar una nit, amb l?\u00fanica companyia del seu criat i el seu gos, en una casa encantada londinenca. All\u00e0, ser\u00e0 testimoni de tot un reguitzell d?aparicions sobrenaturals vinculades amb uns terribles crims que van tenir lloc molts anys enrere. El secret de tot aquest malson podria amagar-se en una cambra buida&#8230; \u00abUn dels millors contes de cases encantades mai escrits.\u00bb H.P. Lovecraft \u00abLa millor hist\u00f2ria de fantasmes en llengua anglesa.\u00bb Lafcadio Hearn<\/p>\n","protected":false},"featured_media":12944,"template":"","meta":[],"product_brand":[],"product_cat":[296],"product_tag":[679,984,672,985,673],"autores":[446],"formatos":[355],"materias":[356],"class_list":{"0":"post-11822","1":"product","2":"type-product","3":"status-publish","4":"has-post-thumbnail","6":"product_cat-larca-ca","7":"product_tag-casa-encantada-ca","8":"product_tag-fantasmes-ca","9":"product_tag-literatura-fantastica-ca","10":"product_tag-literatura-sobrenatural-ca","11":"product_tag-terror-ca","12":"autores-bulwer-lytton-edward-george-ca","13":"formatos-llibre","14":"materias-cuentos-clasicos-de-generos-fantasticos-ca","16":"first","17":"instock","18":"purchasable","19":"product-type-simple"},"yoast_head":"<!-- This site is optimized with the Yoast SEO plugin v27.3 - https:\/\/yoast.com\/product\/yoast-seo-wordpress\/ -->\n<title>La casa i el cervell | Laertes ediciones<\/title>\n<meta name=\"description\" content=\"La casa i el cervell \u00e9s una obra mestra de la literatura sobrenatural. El secret de tot aquest malson podria amagar-se en una cambra buida...\" \/>\n<meta name=\"robots\" content=\"index, follow, max-snippet:-1, max-image-preview:large, max-video-preview:-1\" \/>\n<link rel=\"canonical\" href=\"https:\/\/www.laertes.es\/ca\/llibre\/la-casa-i-el-cervell\/\" \/>\n<meta property=\"og:locale\" content=\"ca_ES\" \/>\n<meta property=\"og:type\" content=\"article\" \/>\n<meta property=\"og:title\" content=\"La casa i el cervell | Laertes ediciones\" \/>\n<meta property=\"og:description\" content=\"La casa i el cervell \u00e9s una obra mestra de la literatura sobrenatural. El secret de tot aquest malson podria amagar-se en una cambra buida...\" \/>\n<meta property=\"og:url\" content=\"https:\/\/www.laertes.es\/ca\/llibre\/la-casa-i-el-cervell\/\" \/>\n<meta property=\"og:site_name\" content=\"Laertes ediciones\" \/>\n<meta property=\"article:modified_time\" content=\"2023-05-06T04:11:41+00:00\" \/>\n<meta property=\"og:image\" content=\"https:\/\/www.laertes.es\/wp-content\/uploads\/2023\/01\/ARC097.webp\" \/>\n\t<meta property=\"og:image:width\" content=\"802\" \/>\n\t<meta property=\"og:image:height\" content=\"1200\" \/>\n\t<meta property=\"og:image:type\" content=\"image\/webp\" \/>\n<meta name=\"twitter:label1\" content=\"Temps estimat de lectura\" \/>\n\t<meta name=\"twitter:data1\" content=\"2 minuts\" \/>\n<script type=\"application\/ld+json\" class=\"yoast-schema-graph\">{\"@context\":\"https:\\\/\\\/schema.org\",\"@graph\":[{\"@type\":\"WebPage\",\"@id\":\"https:\\\/\\\/www.laertes.es\\\/ca\\\/llibre\\\/la-casa-i-el-cervell\\\/\",\"url\":\"https:\\\/\\\/www.laertes.es\\\/ca\\\/llibre\\\/la-casa-i-el-cervell\\\/\",\"name\":\"La casa i el cervell | Laertes ediciones\",\"isPartOf\":{\"@id\":\"https:\\\/\\\/www.laertes.es\\\/ca\\\/#website\"},\"primaryImageOfPage\":{\"@id\":\"https:\\\/\\\/www.laertes.es\\\/ca\\\/llibre\\\/la-casa-i-el-cervell\\\/#primaryimage\"},\"image\":{\"@id\":\"https:\\\/\\\/www.laertes.es\\\/ca\\\/llibre\\\/la-casa-i-el-cervell\\\/#primaryimage\"},\"thumbnailUrl\":\"https:\\\/\\\/www.laertes.es\\\/wp-content\\\/uploads\\\/2023\\\/01\\\/ARC097.webp\",\"datePublished\":\"2023-01-24T15:07:53+00:00\",\"dateModified\":\"2023-05-06T04:11:41+00:00\",\"description\":\"La casa i el cervell \u00e9s una obra mestra de la literatura sobrenatural. El secret de tot aquest malson podria amagar-se en una cambra buida...\",\"breadcrumb\":{\"@id\":\"https:\\\/\\\/www.laertes.es\\\/ca\\\/llibre\\\/la-casa-i-el-cervell\\\/#breadcrumb\"},\"inLanguage\":\"ca\",\"potentialAction\":[{\"@type\":\"ReadAction\",\"target\":[\"https:\\\/\\\/www.laertes.es\\\/ca\\\/llibre\\\/la-casa-i-el-cervell\\\/\"]}]},{\"@type\":\"ImageObject\",\"inLanguage\":\"ca\",\"@id\":\"https:\\\/\\\/www.laertes.es\\\/ca\\\/llibre\\\/la-casa-i-el-cervell\\\/#primaryimage\",\"url\":\"https:\\\/\\\/www.laertes.es\\\/wp-content\\\/uploads\\\/2023\\\/01\\\/ARC097.webp\",\"contentUrl\":\"https:\\\/\\\/www.laertes.es\\\/wp-content\\\/uploads\\\/2023\\\/01\\\/ARC097.webp\",\"width\":802,\"height\":1200,\"caption\":\"La casa i el cervell\"},{\"@type\":\"BreadcrumbList\",\"@id\":\"https:\\\/\\\/www.laertes.es\\\/ca\\\/llibre\\\/la-casa-i-el-cervell\\\/#breadcrumb\",\"itemListElement\":[{\"@type\":\"ListItem\",\"position\":1,\"name\":\"Portada\",\"item\":\"https:\\\/\\\/www.laertes.es\\\/ca\\\/\"},{\"@type\":\"ListItem\",\"position\":2,\"name\":\"Tienda\",\"item\":\"https:\\\/\\\/www.laertes.es\\\/tienda\\\/\"},{\"@type\":\"ListItem\",\"position\":3,\"name\":\"La casa i el cervell\"}]},{\"@type\":\"WebSite\",\"@id\":\"https:\\\/\\\/www.laertes.es\\\/ca\\\/#website\",\"url\":\"https:\\\/\\\/www.laertes.es\\\/ca\\\/\",\"name\":\"Laertes Ediciones\",\"description\":\"Editorial independiente desde 1975\",\"alternateName\":\"Laertes\",\"potentialAction\":[{\"@type\":\"SearchAction\",\"target\":{\"@type\":\"EntryPoint\",\"urlTemplate\":\"https:\\\/\\\/www.laertes.es\\\/ca\\\/?s={search_term_string}\"},\"query-input\":{\"@type\":\"PropertyValueSpecification\",\"valueRequired\":true,\"valueName\":\"search_term_string\"}}],\"inLanguage\":\"ca\"}]}<\/script>\n<!-- \/ Yoast SEO plugin. -->","yoast_head_json":{"title":"La casa i el cervell | Laertes ediciones","description":"La casa i el cervell \u00e9s una obra mestra de la literatura sobrenatural. El secret de tot aquest malson podria amagar-se en una cambra buida...","robots":{"index":"index","follow":"follow","max-snippet":"max-snippet:-1","max-image-preview":"max-image-preview:large","max-video-preview":"max-video-preview:-1"},"canonical":"https:\/\/www.laertes.es\/ca\/llibre\/la-casa-i-el-cervell\/","og_locale":"ca_ES","og_type":"article","og_title":"La casa i el cervell | Laertes ediciones","og_description":"La casa i el cervell \u00e9s una obra mestra de la literatura sobrenatural. El secret de tot aquest malson podria amagar-se en una cambra buida...","og_url":"https:\/\/www.laertes.es\/ca\/llibre\/la-casa-i-el-cervell\/","og_site_name":"Laertes ediciones","article_modified_time":"2023-05-06T04:11:41+00:00","og_image":[{"width":802,"height":1200,"url":"https:\/\/www.laertes.es\/wp-content\/uploads\/2023\/01\/ARC097.webp","type":"image\/webp"}],"twitter_misc":{"Temps estimat de lectura":"2 minuts"},"schema":{"@context":"https:\/\/schema.org","@graph":[{"@type":"WebPage","@id":"https:\/\/www.laertes.es\/ca\/llibre\/la-casa-i-el-cervell\/","url":"https:\/\/www.laertes.es\/ca\/llibre\/la-casa-i-el-cervell\/","name":"La casa i el cervell | Laertes ediciones","isPartOf":{"@id":"https:\/\/www.laertes.es\/ca\/#website"},"primaryImageOfPage":{"@id":"https:\/\/www.laertes.es\/ca\/llibre\/la-casa-i-el-cervell\/#primaryimage"},"image":{"@id":"https:\/\/www.laertes.es\/ca\/llibre\/la-casa-i-el-cervell\/#primaryimage"},"thumbnailUrl":"https:\/\/www.laertes.es\/wp-content\/uploads\/2023\/01\/ARC097.webp","datePublished":"2023-01-24T15:07:53+00:00","dateModified":"2023-05-06T04:11:41+00:00","description":"La casa i el cervell \u00e9s una obra mestra de la literatura sobrenatural. El secret de tot aquest malson podria amagar-se en una cambra buida...","breadcrumb":{"@id":"https:\/\/www.laertes.es\/ca\/llibre\/la-casa-i-el-cervell\/#breadcrumb"},"inLanguage":"ca","potentialAction":[{"@type":"ReadAction","target":["https:\/\/www.laertes.es\/ca\/llibre\/la-casa-i-el-cervell\/"]}]},{"@type":"ImageObject","inLanguage":"ca","@id":"https:\/\/www.laertes.es\/ca\/llibre\/la-casa-i-el-cervell\/#primaryimage","url":"https:\/\/www.laertes.es\/wp-content\/uploads\/2023\/01\/ARC097.webp","contentUrl":"https:\/\/www.laertes.es\/wp-content\/uploads\/2023\/01\/ARC097.webp","width":802,"height":1200,"caption":"La casa i el cervell"},{"@type":"BreadcrumbList","@id":"https:\/\/www.laertes.es\/ca\/llibre\/la-casa-i-el-cervell\/#breadcrumb","itemListElement":[{"@type":"ListItem","position":1,"name":"Portada","item":"https:\/\/www.laertes.es\/ca\/"},{"@type":"ListItem","position":2,"name":"Tienda","item":"https:\/\/www.laertes.es\/tienda\/"},{"@type":"ListItem","position":3,"name":"La casa i el cervell"}]},{"@type":"WebSite","@id":"https:\/\/www.laertes.es\/ca\/#website","url":"https:\/\/www.laertes.es\/ca\/","name":"Laertes Ediciones","description":"Editorial independiente desde 1975","alternateName":"Laertes","potentialAction":[{"@type":"SearchAction","target":{"@type":"EntryPoint","urlTemplate":"https:\/\/www.laertes.es\/ca\/?s={search_term_string}"},"query-input":{"@type":"PropertyValueSpecification","valueRequired":true,"valueName":"search_term_string"}}],"inLanguage":"ca"}]}},"_links":{"self":[{"href":"https:\/\/www.laertes.es\/ca\/wp-json\/wp\/v2\/product\/11822","targetHints":{"allow":["GET"]}}],"collection":[{"href":"https:\/\/www.laertes.es\/ca\/wp-json\/wp\/v2\/product"}],"about":[{"href":"https:\/\/www.laertes.es\/ca\/wp-json\/wp\/v2\/types\/product"}],"version-history":[{"count":2,"href":"https:\/\/www.laertes.es\/ca\/wp-json\/wp\/v2\/product\/11822\/revisions"}],"predecessor-version":[{"id":13378,"href":"https:\/\/www.laertes.es\/ca\/wp-json\/wp\/v2\/product\/11822\/revisions\/13378"}],"wp:featuredmedia":[{"embeddable":true,"href":"https:\/\/www.laertes.es\/ca\/wp-json\/wp\/v2\/media\/12944"}],"wp:attachment":[{"href":"https:\/\/www.laertes.es\/ca\/wp-json\/wp\/v2\/media?parent=11822"}],"wp:term":[{"taxonomy":"product_brand","embeddable":true,"href":"https:\/\/www.laertes.es\/ca\/wp-json\/wp\/v2\/product_brand?post=11822"},{"taxonomy":"product_cat","embeddable":true,"href":"https:\/\/www.laertes.es\/ca\/wp-json\/wp\/v2\/product_cat?post=11822"},{"taxonomy":"product_tag","embeddable":true,"href":"https:\/\/www.laertes.es\/ca\/wp-json\/wp\/v2\/product_tag?post=11822"},{"taxonomy":"autores","embeddable":true,"href":"https:\/\/www.laertes.es\/ca\/wp-json\/wp\/v2\/autores?post=11822"},{"taxonomy":"formatos","embeddable":true,"href":"https:\/\/www.laertes.es\/ca\/wp-json\/wp\/v2\/formatos?post=11822"},{"taxonomy":"materias","embeddable":true,"href":"https:\/\/www.laertes.es\/ca\/wp-json\/wp\/v2\/materias?post=11822"}],"curies":[{"name":"wp","href":"https:\/\/api.w.org\/{rel}","templated":true}]}}