{"id":12028,"date":"2023-03-03T10:27:47","date_gmt":"2023-03-03T10:27:47","guid":{"rendered":"https:\/termes-i-condicions\/"},"modified":"2023-03-03T10:33:14","modified_gmt":"2023-03-03T10:33:14","slug":"termes-i-condicions","status":"publish","type":"page","link":"https:\/\/www.laertes.es\/ca\/termes-i-condicions\/","title":{"rendered":"Termes i condicions"},"content":{"rendered":"\n<p>L&#8217;acc\u00e9s i l&#8217;\u00fas d&#8217;aquesta p\u00e0gina web atribueix la condici\u00f3 d&#8217;usuari.<\/p>\n\n\n\n<p>La responsabilitat d\u00fas diligent de la p\u00e0gina web correspon a lusuari.<\/p>\n\n\n\n<p>Laertes S.L. d&#8217;Ediciones no exerceix cap tipus de control sobre els enlla\u00e7os o hipervincles derivats de l&#8217;\u00fas de la p\u00e0gina web.<\/p>\n\n\n\n<p>La relaci\u00f3 entre Laertes S.L. d&#8217;Edicions i l&#8217;usuari es regir\u00e0 per la normativa espanyola vigent i qualsevol controv\u00e8rsia se sotmetr\u00e0 als jutjats i als tribunals de la ciutat de Barcelona.<\/p>\n","protected":false},"excerpt":{"rendered":"<p>L&#8217;acc\u00e9s i l&#8217;\u00fas d&#8217;aquesta p\u00e0gina web atribueix la condici\u00f3 d&#8217;usuari. La responsabilitat d\u00fas diligent de la p\u00e0gina web correspon a<\/p>\n","protected":false},"author":1,"featured_media":0,"parent":0,"menu_order":0,"comment_status":"closed","ping_status":"closed","template":"","meta":{"footnotes":""},"class_list":["post-12028","page","type-page","status-publish","hentry"],"yoast_head":"<!-- This site is optimized with the Yoast SEO plugin v27.5 - https:\/\/yoast.com\/product\/yoast-seo-wordpress\/ -->\n<title>Termes i condicions | Laertes ediciones<\/title>\n<meta name=\"robots\" content=\"index, follow, max-snippet:-1, max-image-preview:large, max-video-preview:-1\" \/>\n<link rel=\"canonical\" href=\"https:\/\/www.laertes.es\/ca\/termes-i-condicions\/\" \/>\n<meta property=\"og:locale\" content=\"ca_ES\" \/>\n<meta property=\"og:type\" content=\"article\" \/>\n<meta property=\"og:title\" content=\"Termes i condicions | Laertes ediciones\" \/>\n<meta property=\"og:description\" content=\"L&#8217;acc\u00e9s i l&#8217;\u00fas d&#8217;aquesta p\u00e0gina web atribueix la condici\u00f3 d&#8217;usuari. La responsabilitat d\u00fas diligent de la p\u00e0gina web correspon a\" \/>\n<meta property=\"og:url\" content=\"https:\/\/www.laertes.es\/ca\/termes-i-condicions\/\" \/>\n<meta property=\"og:site_name\" content=\"Laertes ediciones\" \/>\n<meta property=\"article:modified_time\" content=\"2023-03-03T10:33:14+00:00\" \/>\n<meta property=\"og:image\" content=\"https:\/\/www.laertes.es\/wp-content\/uploads\/2021\/08\/logob.png\" \/>\n\t<meta property=\"og:image:width\" content=\"176\" \/>\n\t<meta property=\"og:image:height\" content=\"53\" \/>\n\t<meta property=\"og:image:type\" content=\"image\/png\" \/>\n<script type=\"application\/ld+json\" class=\"yoast-schema-graph\">{\"@context\":\"https:\\\/\\\/schema.org\",\"@graph\":[{\"@type\":\"WebPage\",\"@id\":\"https:\\\/\\\/www.laertes.es\\\/ca\\\/termes-i-condicions\\\/\",\"url\":\"https:\\\/\\\/www.laertes.es\\\/ca\\\/termes-i-condicions\\\/\",\"name\":\"Termes i condicions | Laertes ediciones\",\"isPartOf\":{\"@id\":\"https:\\\/\\\/www.laertes.es\\\/ca\\\/#website\"},\"datePublished\":\"2023-03-03T10:27:47+00:00\",\"dateModified\":\"2023-03-03T10:33:14+00:00\",\"breadcrumb\":{\"@id\":\"https:\\\/\\\/www.laertes.es\\\/ca\\\/termes-i-condicions\\\/#breadcrumb\"},\"inLanguage\":\"ca\",\"potentialAction\":[{\"@type\":\"ReadAction\",\"target\":[\"https:\\\/\\\/www.laertes.es\\\/ca\\\/termes-i-condicions\\\/\"]}]},{\"@type\":\"BreadcrumbList\",\"@id\":\"https:\\\/\\\/www.laertes.es\\\/ca\\\/termes-i-condicions\\\/#breadcrumb\",\"itemListElement\":[{\"@type\":\"ListItem\",\"position\":1,\"name\":\"Portada\",\"item\":\"https:\\\/\\\/www.laertes.es\\\/ca\\\/\"},{\"@type\":\"ListItem\",\"position\":2,\"name\":\"Termes i condicions\"}]},{\"@type\":\"WebSite\",\"@id\":\"https:\\\/\\\/www.laertes.es\\\/ca\\\/#website\",\"url\":\"https:\\\/\\\/www.laertes.es\\\/ca\\\/\",\"name\":\"Laertes Ediciones\",\"description\":\"Editorial independiente desde 1975\",\"alternateName\":\"Laertes\",\"potentialAction\":[{\"@type\":\"SearchAction\",\"target\":{\"@type\":\"EntryPoint\",\"urlTemplate\":\"https:\\\/\\\/www.laertes.es\\\/ca\\\/?s={search_term_string}\"},\"query-input\":{\"@type\":\"PropertyValueSpecification\",\"valueRequired\":true,\"valueName\":\"search_term_string\"}}],\"inLanguage\":\"ca\"}]}<\/script>\n<!-- \/ Yoast SEO plugin. -->","yoast_head_json":{"title":"Termes i condicions | Laertes ediciones","robots":{"index":"index","follow":"follow","max-snippet":"max-snippet:-1","max-image-preview":"max-image-preview:large","max-video-preview":"max-video-preview:-1"},"canonical":"https:\/\/www.laertes.es\/ca\/termes-i-condicions\/","og_locale":"ca_ES","og_type":"article","og_title":"Termes i condicions | Laertes ediciones","og_description":"L&#8217;acc\u00e9s i l&#8217;\u00fas d&#8217;aquesta p\u00e0gina web atribueix la condici\u00f3 d&#8217;usuari. La responsabilitat d\u00fas diligent de la p\u00e0gina web correspon a","og_url":"https:\/\/www.laertes.es\/ca\/termes-i-condicions\/","og_site_name":"Laertes ediciones","article_modified_time":"2023-03-03T10:33:14+00:00","og_image":[{"width":176,"height":53,"url":"https:\/\/www.laertes.es\/wp-content\/uploads\/2021\/08\/logob.png","type":"image\/png"}],"schema":{"@context":"https:\/\/schema.org","@graph":[{"@type":"WebPage","@id":"https:\/\/www.laertes.es\/ca\/termes-i-condicions\/","url":"https:\/\/www.laertes.es\/ca\/termes-i-condicions\/","name":"Termes i condicions | Laertes ediciones","isPartOf":{"@id":"https:\/\/www.laertes.es\/ca\/#website"},"datePublished":"2023-03-03T10:27:47+00:00","dateModified":"2023-03-03T10:33:14+00:00","breadcrumb":{"@id":"https:\/\/www.laertes.es\/ca\/termes-i-condicions\/#breadcrumb"},"inLanguage":"ca","potentialAction":[{"@type":"ReadAction","target":["https:\/\/www.laertes.es\/ca\/termes-i-condicions\/"]}]},{"@type":"BreadcrumbList","@id":"https:\/\/www.laertes.es\/ca\/termes-i-condicions\/#breadcrumb","itemListElement":[{"@type":"ListItem","position":1,"name":"Portada","item":"https:\/\/www.laertes.es\/ca\/"},{"@type":"ListItem","position":2,"name":"Termes i condicions"}]},{"@type":"WebSite","@id":"https:\/\/www.laertes.es\/ca\/#website","url":"https:\/\/www.laertes.es\/ca\/","name":"Laertes Ediciones","description":"Editorial independiente desde 1975","alternateName":"Laertes","potentialAction":[{"@type":"SearchAction","target":{"@type":"EntryPoint","urlTemplate":"https:\/\/www.laertes.es\/ca\/?s={search_term_string}"},"query-input":{"@type":"PropertyValueSpecification","valueRequired":true,"valueName":"search_term_string"}}],"inLanguage":"ca"}]}},"_links":{"self":[{"href":"https:\/\/www.laertes.es\/ca\/wp-json\/wp\/v2\/pages\/12028","targetHints":{"allow":["GET"]}}],"collection":[{"href":"https:\/\/www.laertes.es\/ca\/wp-json\/wp\/v2\/pages"}],"about":[{"href":"https:\/\/www.laertes.es\/ca\/wp-json\/wp\/v2\/types\/page"}],"author":[{"embeddable":true,"href":"https:\/\/www.laertes.es\/ca\/wp-json\/wp\/v2\/users\/1"}],"replies":[{"embeddable":true,"href":"https:\/\/www.laertes.es\/ca\/wp-json\/wp\/v2\/comments?post=12028"}],"version-history":[{"count":2,"href":"https:\/\/www.laertes.es\/ca\/wp-json\/wp\/v2\/pages\/12028\/revisions"}],"predecessor-version":[{"id":12031,"href":"https:\/\/www.laertes.es\/ca\/wp-json\/wp\/v2\/pages\/12028\/revisions\/12031"}],"wp:attachment":[{"href":"https:\/\/www.laertes.es\/ca\/wp-json\/wp\/v2\/media?parent=12028"}],"curies":[{"name":"wp","href":"https:\/\/api.w.org\/{rel}","templated":true}]}}